{"id":5147,"date":"2020-08-26T11:42:37","date_gmt":"2020-08-26T11:42:37","guid":{"rendered":"https:\/\/www.swiss-safety.ch\/produits\/fallschutz\/"},"modified":"2025-02-24T11:14:48","modified_gmt":"2025-02-24T10:14:48","slug":"protection-antichute","status":"publish","type":"page","link":"https:\/\/www.swiss-safety.ch\/fr\/produits\/protection-antichute\/","title":{"rendered":"Protection antichute"},"content":{"rendered":"<div>\n<h1>Protection antichute ou chaise roulante ?<\/h1>\n<p>Protection antichute<\/p>\n<\/div>\n<div>\n<p>Les dangers lors de chute concernent en g\u00e9n\u00e9ral de nombreuses parties du corps et les cons\u00e9quences sont souvent graves. Il est donc indispensable de se prot\u00e9ger de mani\u00e8re efficace et professionnelle des risques de chute. Nos sp\u00e9cialistes vous conseillent volontiers en cas de questions.<\/p>\n<\/div>\n<h3>Unterlagen<\/h3>\n<table>\n<tbody>\n<tr>\n<td>Normes<\/td>\n<td>\n        <a href=\"\/wp-content\/uploads\/norm_fallschutz.pdf\">Download<\/a>\n    <\/td>\n<\/tr>\n<tr>\n<td>Listes<\/td>\n<td>\n        <a href=\"\/wp-content\/uploads\/checkliste_absturzsicherung_0.pdf\">Download<\/a>\n    <\/td>\n<\/tr>\n<\/tbody>\n<\/table>\n<h3>Ihr Fachspezialist im Vorstand<\/h3>\n<div>\n<p>        <img decoding=\"async\" src=\"\/wp-content\/uploads\/Web_Jaschek_Ralf_W.jpg\" alt=\"\"><\/p>\n<h4>Ralf W. Jaschek<\/h4>\n<p><a href=\"\/index.php?page_id=31\">Kontakt<\/a><\/p>\n<\/div>\n<h2>Mitglieder<\/h2>\n<div>\n<\/div>\n<p><!--more--><br \/>\n<!-- {\"name\":\"Press\",\"type\":\"layout\",\"children\":[{\"name\":\"Titel - Hintergrundbild\",\"type\":\"section\",\"props\":{\"animation\":\"fade\",\"animation_delay\":\"200\",\"image\":\"wp-content\\\/uploads\\\/Fallschutz_Kategorie_web-scaled.jpeg\",\"image_effect\":\"parallax\",\"image_parallax_bgy\":\"0,110\",\"image_parallax_breakpoint\":\"l\",\"image_parallax_easing\":\"1\",\"image_position\":\"center-center\",\"image_size\":\"cover\",\"image_width\":\"1560\",\"padding\":\"large\",\"style\":\"default\",\"title_breakpoint\":\"xl\",\"title_position\":\"top-left\",\"title_rotation\":\"left\",\"vertical_align\":\"\",\"width\":\"expand\"},\"children\":[{\"type\":\"row\",\"props\":{\"column_gap\":\"small\",\"layout\":\"2-5,3-5\",\"margin\":\"large\",\"row_gap\":\"small\"},\"children\":[{\"type\":\"column\",\"props\":{\"image_position\":\"center-center\",\"position_sticky_breakpoint\":\"m\",\"width_medium\":\"2-5\"},\"children\":[{\"type\":\"panel\",\"props\":{\"content_column_breakpoint\":\"m\",\"icon_width\":80,\"image\":\"\",\"image_align\":\"right\",\"image_grid_breakpoint\":\"\",\"image_grid_width\":\"2-5\",\"image_height\":\"200\",\"image_svg_color\":\"emphasis\",\"link_style\":\"default\",\"link_text\":\"Read more\",\"margin\":\"default\",\"meta\":\"Protection antichute\",\"meta_align\":\"below-title\",\"meta_color\":\"muted\",\"meta_element\":\"div\",\"meta_style\":\"h4\",\"panel_padding\":\"default\",\"panel_style\":\"card-secondary\",\"title\":\"Protection antichute ou chaise roulante ?\",\"title_align\":\"top\",\"title_element\":\"h1\",\"title_grid_breakpoint\":\"m\",\"title_grid_width\":\"1-2\",\"title_hover_style\":\"reset\",\"title_style\":\"h2\"}}]},{\"type\":\"column\",\"props\":{\"image_position\":\"center-center\",\"position_sticky_breakpoint\":\"m\",\"width_medium\":\"3-5\"}}]}]},{\"name\":\"Services\",\"type\":\"section\",\"props\":{\"image_position\":\"center-center\",\"padding\":\"large\",\"style\":\"default\",\"title_breakpoint\":\"xl\",\"title_position\":\"top-left\",\"title_rotation\":\"left\",\"vertical_align\":\"\",\"width\":\"default\"},\"children\":[{\"type\":\"row\",\"props\":{\"column_gap\":\"large\",\"layout\":\"2-3,1-3\",\"row_gap\":\"large\"},\"children\":[{\"type\":\"column\",\"props\":{\"image_position\":\"center-center\",\"position_sticky_breakpoint\":\"m\",\"width_medium\":\"2-3\"},\"children\":[{\"type\":\"text\",\"props\":{\"column_breakpoint\":\"m\",\"content\":\"\n\n<p>Les dangers lors de chute concernent en g\\u00e9n\\u00e9ral de nombreuses parties du corps et les cons\\u00e9quences sont souvent graves. Il est donc indispensable de se prot\\u00e9ger de mani\\u00e8re efficace et professionnelle des risques de chute. Nos sp\\u00e9cialistes vous conseillent volontiers en cas de questions.<\\\/p>\",\"margin\":\"default\"}},{\"type\":\"headline\",\"props\":{\"content\":\"Unterlagen\",\"title_element\":\"h3\",\"title_style\":\"h4\"}},{\"type\":\"table\",\"props\":{\"content_style\":\"text-meta\",\"image_svg_color\":\"emphasis\",\"link_style\":\"link-text\",\"link_target\":true,\"link_text\":\"Download\",\"meta_style\":\"text-meta\",\"show_content\":true,\"show_image\":true,\"show_link\":true,\"show_meta\":true,\"show_title\":true,\"table_justify\":true,\"table_last_align\":\"right\",\"table_order\":\"5\",\"table_responsive\":\"overflow\",\"table_size\":\"small\",\"table_style\":\"divider\",\"table_vertical_align\":true,\"table_width_meta\":\"shrink\",\"table_width_title\":\"\"},\"children\":[{\"type\":\"table_item\",\"props\":{\"content\":\"\",\"image\":\"\",\"link\":\"wp-content\\\/uploads\\\/norm_fallschutz.pdf\",\"meta\":\"\",\"title\":\"Normes\"}},{\"type\":\"table_item\",\"props\":{\"content\":\"\",\"image\":\"\",\"link\":\"wp-content\\\/uploads\\\/checkliste_absturzsicherung_0.pdf\",\"meta\":\"\",\"title\":\"Listes\"}}]}]},{\"type\":\"column\",\"props\":{\"image_position\":\"center-center\",\"position_sticky_breakpoint\":\"m\",\"width_medium\":\"1-3\"},\"children\":[{\"type\":\"headline\",\"props\":{\"content\":\"Ihr Fachspezialist im Vorstand\",\"title_decoration\":\"bullet\",\"title_element\":\"h3\",\"title_style\":\"h4\"}},{\"type\":\"panel\",\"props\":{\"content_column_breakpoint\":\"m\",\"icon_width\":80,\"image\":\"wp-content\\\/uploads\\\/Web_Jaschek_Ralf_W.jpg\",\"image_align\":\"top\",\"image_grid_breakpoint\":\"m\",\"image_grid_width\":\"1-2\",\"image_svg_color\":\"emphasis\",\"image_width\":\"300\",\"link\":\"index.php?page_id=31\",\"link_style\":\"secondary\",\"link_text\":\"Kontakt\",\"margin\":\"default\",\"meta\":\"\",\"meta_align\":\"below-title\",\"meta_element\":\"div\",\"meta_style\":\"text-meta\",\"title\":\"Ralf W. Jaschek\",\"title_align\":\"top\",\"title_element\":\"h4\",\"title_grid_breakpoint\":\"m\",\"title_grid_width\":\"1-2\",\"title_hover_style\":\"reset\"}}]}]}]},{\"name\":\"Mitglieder\",\"type\":\"section\",\"props\":{\"animation\":\"fade\",\"animation_delay\":false,\"image_position\":\"bottom-center\",\"padding\":\"large\",\"padding_remove_top\":false,\"style\":\"default\",\"title_breakpoint\":\"xl\",\"title_position\":\"top-left\",\"title_rotation\":\"left\",\"vertical_align\":\"\",\"width\":\"expand\"},\"children\":[{\"type\":\"row\",\"children\":[{\"type\":\"column\",\"props\":{\"image_position\":\"center-center\",\"position_sticky_breakpoint\":\"m\",\"width_medium\":\"1-1\"},\"children\":[{\"type\":\"headline\",\"props\":{\"block_align\":\"center\",\"content\":\"Mitglieder\",\"maxwidth\":\"xlarge\",\"text_align\":\"center\",\"title_decoration\":\"bullet\",\"title_element\":\"h2\",\"title_style\":\"h2\"}}]}]},{\"type\":\"row\",\"children\":[{\"type\":\"column\",\"props\":{\"image_position\":\"center-center\",\"position_sticky_breakpoint\":\"m\"},\"children\":[{\"type\":\"grid\",\"props\":{\"content_column_breakpoint\":\"m\",\"filter\":false,\"filter_align\":\"left\",\"filter_all\":true,\"filter_all_label\":\"Alle\",\"filter_grid_breakpoint\":\"m\",\"filter_grid_width\":\"auto\",\"filter_position\":\"left\",\"filter_style\":\"subnav\",\"filter_style_primary\":false,\"grid_default\":\"1\",\"grid_medium\":\"3\",\"icon_width\":\"60\",\"image_align\":\"bottom\",\"image_grid_breakpoint\":\"m\",\"image_grid_column_gap\":\"medium\",\"image_grid_width\":\"1-2\",\"image_height\":\"60\",\"image_svg_color\":\"emphasis\",\"image_vertical_align\":false,\"item_animation\":true,\"lightbox_bg_close\":true,\"link_style\":\"default\",\"link_text\":\"Read more\",\"margin\":\"default\",\"meta_align\":\"below-title\",\"meta_element\":\"div\",\"meta_style\":\"text-meta\",\"panel_padding\":\"default\",\"panel_style\":\"card-default\",\"parallax_easing\":\"1\",\"show_content\":true,\"show_hover_image\":true,\"show_hover_video\":true,\"show_image\":true,\"show_link\":true,\"show_meta\":true,\"show_title\":true,\"show_video\":true,\"title_align\":\"top\",\"title_element\":\"h3\",\"title_grid_breakpoint\":\"m\",\"title_grid_width\":\"1-2\",\"title_hover_style\":\"reset\",\"title_style\":\"h5\"},\"children\":[{\"type\":\"grid_item\",\"source\":{\"query\":{\"name\":\"posts.customPosts\",\"arguments\":{\"terms\":[23],\"offset\":0,\"order\":\"title\",\"order_direction\":\"ASC\",\"limit\":100}},\"props\":{\"title\":{\"filters\":{\"search\":\"\"},\"name\":\"title\"},\"image\":{\"filters\":{\"search\":\"\"},\"name\":\"featuredImage.url\"},\"image_alt\":{\"filters\":{\"search\":\"\"},\"name\":\"featuredImage.alt\"},\"content\":{\"filters\":{\"search\":\"\"},\"name\":\"content\"},\"tags\":{\"filters\":{\"search\":\"\"},\"name\":\"categoryString\"}}}}],\"name\":\"Mitglieder\"}]}]}]}],\"version\":\"4.5.5\"} --><\/p>\n","protected":false},"excerpt":{"rendered":"<p>Protection antichute ou chaise roulante ? Protection antichute Les dangers lors de chute concernent en g\u00e9n\u00e9ral de nombreuses parties du corps et les cons\u00e9quences sont souvent graves. Il est donc indispensable de se prot\u00e9ger de mani\u00e8re efficace et professionnelle des risques de chute. Nos sp\u00e9cialistes vous conseillent volontiers en cas de questions. Unterlagen Normes Download [&hellip;]<\/p>\n","protected":false},"author":1,"featured_media":0,"parent":4987,"menu_order":5,"comment_status":"closed","ping_status":"closed","template":"","meta":{"footnotes":""},"class_list":["post-5147","page","type-page","status-publish","hentry"],"_links":{"self":[{"href":"https:\/\/www.swiss-safety.ch\/fr\/wp-json\/wp\/v2\/pages\/5147","targetHints":{"allow":["GET"]}}],"collection":[{"href":"https:\/\/www.swiss-safety.ch\/fr\/wp-json\/wp\/v2\/pages"}],"about":[{"href":"https:\/\/www.swiss-safety.ch\/fr\/wp-json\/wp\/v2\/types\/page"}],"author":[{"embeddable":true,"href":"https:\/\/www.swiss-safety.ch\/fr\/wp-json\/wp\/v2\/users\/1"}],"replies":[{"embeddable":true,"href":"https:\/\/www.swiss-safety.ch\/fr\/wp-json\/wp\/v2\/comments?post=5147"}],"version-history":[{"count":6,"href":"https:\/\/www.swiss-safety.ch\/fr\/wp-json\/wp\/v2\/pages\/5147\/revisions"}],"predecessor-version":[{"id":5199,"href":"https:\/\/www.swiss-safety.ch\/fr\/wp-json\/wp\/v2\/pages\/5147\/revisions\/5199"}],"up":[{"embeddable":true,"href":"https:\/\/www.swiss-safety.ch\/fr\/wp-json\/wp\/v2\/pages\/4987"}],"wp:attachment":[{"href":"https:\/\/www.swiss-safety.ch\/fr\/wp-json\/wp\/v2\/media?parent=5147"}],"curies":[{"name":"wp","href":"https:\/\/api.w.org\/{rel}","templated":true}]}}