{"id":5133,"date":"2020-08-26T11:11:50","date_gmt":"2020-08-26T11:11:50","guid":{"rendered":"https:\/\/www.swiss-safety.ch\/produits\/atemschutz\/"},"modified":"2025-02-24T11:12:55","modified_gmt":"2025-02-24T10:12:55","slug":"protection-respiratoire","status":"publish","type":"page","link":"https:\/\/www.swiss-safety.ch\/fr\/produits\/protection-respiratoire\/","title":{"rendered":"Protection respiratoire"},"content":{"rendered":"<div>\n<h1>Protection respiratoire ou sanatorium ?<\/h1>\n<p>Protection respiratoire<\/p>\n<\/div>\n<h2>L&rsquo;air c&rsquo;est la vie<\/h2>\n<div>\n<p>Mais il faut toutefois faire attention \u00e0 ce que l&rsquo;air que l&rsquo;on respire soit le plus propre possible et ne contienne aucune substance dangereuse. Pour savoir si vous avez besoin de protection respiratoire l\u00e9g\u00e8re ou lourde, parlez-en \u00e0 nos sp\u00e9cialistes afin de ne pas prendre de risques.<\/p>\n<\/div>\n<h3>Unterlagen<\/h3>\n<table>\n<tbody>\n<tr>\n<td>Normes<\/td>\n<td>\n        <a href=\"\/wp-content\/uploads\/norm_atemschutz_0.pdf\">Download<\/a>\n    <\/td>\n<\/tr>\n<tr>\n<td>Listes<\/td>\n<td>\n        <a href=\"\/wp-content\/uploads\/checkliste_atemschutz_1.pdf\">Download<\/a>\n    <\/td>\n<\/tr>\n<\/tbody>\n<\/table>\n<h3>Fit Testing<\/h3>\n<table>\n<tbody>\n<tr>\n<td>\n<p><span>Atemschutz Fit Testing ist ein Verfahren zur \u00dcberpr\u00fcfung der Passform von Atemschutzmasken, um sicherzustellen, dass sie korrekt sitzen und die Mitarbeiter vor sch\u00e4dlichen Schadstoffen und Staubpartikeln sch\u00fctzen.<\/span><\/p>\n<\/td>\n<td>\n        <a href=\"\/fit-testing\/\">Mehr Informationen<\/a>\n    <\/td>\n<\/tr>\n<\/tbody>\n<\/table>\n<h3>Ihr Fachspezialist im Vorstand<\/h3>\n<div>\n<p>        <img decoding=\"async\" src=\"\/wp-content\/uploads\/Yves-Schwarz.jpg\" alt=\"\"><\/p>\n<h4>Yves Schwarz<\/h4>\n<p><a href=\"\/index.php?page_id=31\">Kontakt<\/a><\/p>\n<\/div>\n<h2>Mitglieder<\/h2>\n<div>\n<\/div>\n<p><!--more--><br \/>\n<!-- {\"name\":\"Press\",\"type\":\"layout\",\"children\":[{\"name\":\"Produkte - Kategorie - Titel\",\"type\":\"section\",\"props\":{\"animation\":\"fade\",\"animation_delay\":\"200\",\"image\":\"wp-content\\\/uploads\\\/Atemschutz_Kategorie_web.jpeg\",\"image_effect\":\"parallax\",\"image_parallax_bgy\":\"0,110\",\"image_parallax_breakpoint\":\"l\",\"image_parallax_easing\":\"1\",\"image_position\":\"center-center\",\"image_size\":\"cover\",\"image_width\":\"1560\",\"padding\":\"large\",\"style\":\"default\",\"title_breakpoint\":\"xl\",\"title_position\":\"top-left\",\"title_rotation\":\"left\",\"vertical_align\":\"\",\"width\":\"expand\"},\"children\":[{\"type\":\"row\",\"props\":{\"column_gap\":\"small\",\"layout\":\"2-5,3-5\",\"margin\":\"large\",\"row_gap\":\"small\"},\"children\":[{\"type\":\"column\",\"props\":{\"image_position\":\"center-center\",\"position_sticky_breakpoint\":\"m\",\"width_medium\":\"2-5\"},\"children\":[{\"type\":\"panel\",\"props\":{\"content_column_breakpoint\":\"m\",\"icon_width\":80,\"image\":\"\",\"image_align\":\"right\",\"image_grid_breakpoint\":\"\",\"image_grid_width\":\"2-5\",\"image_svg_color\":\"emphasis\",\"link_style\":\"default\",\"link_text\":\"Read more\",\"margin\":\"default\",\"meta\":\"Protection respiratoire\",\"meta_align\":\"below-title\",\"meta_color\":\"muted\",\"meta_element\":\"div\",\"meta_style\":\"h4\",\"panel_padding\":\"default\",\"panel_style\":\"card-secondary\",\"title\":\"Protection respiratoire ou sanatorium ?\",\"title_align\":\"top\",\"title_element\":\"h1\",\"title_grid_breakpoint\":\"m\",\"title_grid_width\":\"1-2\",\"title_hover_style\":\"reset\",\"title_style\":\"h2\"}}]},{\"type\":\"column\",\"props\":{\"image_position\":\"center-center\",\"position_sticky_breakpoint\":\"m\",\"width_medium\":\"3-5\"}}]}]},{\"name\":\"Services\",\"type\":\"section\",\"props\":{\"image_position\":\"center-center\",\"padding\":\"large\",\"style\":\"default\",\"title_breakpoint\":\"xl\",\"title_position\":\"top-left\",\"title_rotation\":\"left\",\"vertical_align\":\"\",\"width\":\"default\"},\"children\":[{\"type\":\"row\",\"props\":{\"column_gap\":\"large\",\"layout\":\"2-3,1-3\",\"row_gap\":\"large\"},\"children\":[{\"type\":\"column\",\"props\":{\"image_position\":\"center-center\",\"position_sticky_breakpoint\":\"m\",\"width_medium\":\"2-3\"},\"children\":[{\"type\":\"headline\",\"props\":{\"content\":\"L'air c'est la vie\",\"margin\":\"large\",\"margin_remove_bottom\":true,\"margin_remove_top\":false,\"title_element\":\"h2\",\"title_style\":\"h3\"}},{\"type\":\"text\",\"props\":{\"column_breakpoint\":\"m\",\"content\":\"\n\n<p>Mais il faut toutefois faire attention \\u00e0 ce que l'air que l'on respire soit le plus propre possible et ne contienne aucune substance dangereuse. Pour savoir si vous avez besoin de protection respiratoire l\\u00e9g\\u00e8re ou lourde, parlez-en \\u00e0 nos sp\\u00e9cialistes afin de ne pas prendre de risques.<\\\/p>\",\"margin\":\"default\"}},{\"type\":\"headline\",\"props\":{\"content\":\"Unterlagen\",\"title_element\":\"h3\",\"title_style\":\"h4\"}},{\"type\":\"table\",\"props\":{\"content_style\":\"text-meta\",\"image_svg_color\":\"emphasis\",\"link_style\":\"link-text\",\"link_target\":true,\"link_text\":\"Download\",\"meta_style\":\"text-meta\",\"show_content\":true,\"show_image\":true,\"show_link\":true,\"show_meta\":true,\"show_title\":true,\"table_justify\":true,\"table_last_align\":\"right\",\"table_order\":\"5\",\"table_responsive\":\"overflow\",\"table_size\":\"small\",\"table_style\":\"divider\",\"table_vertical_align\":true,\"table_width_meta\":\"shrink\",\"table_width_title\":\"\"},\"children\":[{\"type\":\"table_item\",\"props\":{\"content\":\"\",\"image\":\"\",\"link\":\"wp-content\\\/uploads\\\/norm_atemschutz_0.pdf\",\"meta\":\"\",\"title\":\"Normes\"}},{\"type\":\"table_item\",\"props\":{\"content\":\"\",\"image\":\"\",\"link\":\"wp-content\\\/uploads\\\/checkliste_atemschutz_1.pdf\",\"meta\":\"\",\"title\":\"Listes\"}}]},{\"type\":\"headline\",\"props\":{\"content\":\"Fit Testing\",\"title_element\":\"h3\",\"title_style\":\"h4\"}},{\"type\":\"table\",\"props\":{\"image_svg_color\":\"emphasis\",\"link_style\":\"link-text\",\"link_target\":false,\"link_text\":\"Download\",\"meta_style\":\"text-meta\",\"show_content\":true,\"show_image\":true,\"show_link\":true,\"show_meta\":true,\"show_title\":false,\"table_justify\":true,\"table_last_align\":\"right\",\"table_order\":\"5\",\"table_responsive\":\"overflow\",\"table_size\":\"small\",\"table_style\":\"divider\",\"table_vertical_align\":true,\"table_width_content\":\"medium\",\"table_width_meta\":\"shrink\",\"table_width_title\":\"\"},\"children\":[{\"type\":\"table_item\",\"props\":{\"content\":\"\n\n<p><span>Atemschutz Fit Testing ist ein Verfahren zur \\u00dcberpr\\u00fcfung der Passform von Atemschutzmasken, um sicherzustellen, dass sie korrekt sitzen und die Mitarbeiter vor sch\\u00e4dlichen Schadstoffen und Staubpartikeln sch\\u00fctzen.<\\\/span><\\\/p>\",\"image\":\"\",\"link\":\"fit-testing\\\/\",\"link_text\":\"Mehr Informationen\",\"meta\":\"\",\"title\":\"\"}}]}]},{\"type\":\"column\",\"props\":{\"image_position\":\"center-center\",\"position_sticky_breakpoint\":\"m\",\"width_medium\":\"1-3\"},\"children\":[{\"type\":\"headline\",\"props\":{\"content\":\"Ihr Fachspezialist im Vorstand\",\"title_decoration\":\"bullet\",\"title_element\":\"h3\",\"title_style\":\"h4\"}},{\"type\":\"panel\",\"props\":{\"content_column_breakpoint\":\"m\",\"icon_width\":80,\"image\":\"wp-content\\\/uploads\\\/Yves-Schwarz.jpg\",\"image_align\":\"top\",\"image_grid_breakpoint\":\"m\",\"image_grid_width\":\"1-2\",\"image_svg_color\":\"emphasis\",\"image_width\":\"300\",\"link\":\"index.php?page_id=31\",\"link_style\":\"secondary\",\"link_text\":\"Kontakt\",\"margin\":\"default\",\"meta\":\"\",\"meta_align\":\"below-title\",\"meta_element\":\"div\",\"meta_style\":\"text-meta\",\"title\":\"Yves Schwarz\",\"title_align\":\"top\",\"title_element\":\"h4\",\"title_grid_breakpoint\":\"m\",\"title_grid_width\":\"1-2\",\"title_hover_style\":\"reset\"}}]}]}]},{\"name\":\"Mitglieder\",\"type\":\"section\",\"props\":{\"animation\":\"fade\",\"animation_delay\":false,\"image_position\":\"bottom-center\",\"padding\":\"large\",\"padding_remove_top\":false,\"style\":\"default\",\"title_breakpoint\":\"xl\",\"title_position\":\"top-left\",\"title_rotation\":\"left\",\"vertical_align\":\"\",\"width\":\"expand\"},\"children\":[{\"type\":\"row\",\"children\":[{\"type\":\"column\",\"props\":{\"image_position\":\"center-center\",\"position_sticky_breakpoint\":\"m\",\"width_medium\":\"1-1\"},\"children\":[{\"type\":\"headline\",\"props\":{\"block_align\":\"center\",\"content\":\"Mitglieder\",\"maxwidth\":\"xlarge\",\"text_align\":\"center\",\"title_decoration\":\"bullet\",\"title_element\":\"h2\",\"title_style\":\"h2\"}}]}]},{\"type\":\"row\",\"children\":[{\"type\":\"column\",\"props\":{\"image_position\":\"center-center\",\"position_sticky_breakpoint\":\"m\"},\"children\":[{\"type\":\"grid\",\"props\":{\"content_column_breakpoint\":\"m\",\"filter\":false,\"filter_align\":\"left\",\"filter_all\":true,\"filter_all_label\":\"Alle\",\"filter_grid_breakpoint\":\"m\",\"filter_grid_width\":\"auto\",\"filter_position\":\"left\",\"filter_style\":\"subnav\",\"filter_style_primary\":false,\"grid_default\":\"1\",\"grid_medium\":\"3\",\"icon_width\":\"60\",\"image_align\":\"bottom\",\"image_grid_breakpoint\":\"m\",\"image_grid_column_gap\":\"medium\",\"image_grid_width\":\"1-2\",\"image_height\":\"60\",\"image_svg_color\":\"emphasis\",\"image_vertical_align\":false,\"item_animation\":true,\"lightbox_bg_close\":true,\"link_style\":\"default\",\"link_text\":\"Read more\",\"margin\":\"default\",\"meta_align\":\"below-title\",\"meta_element\":\"div\",\"meta_style\":\"text-meta\",\"panel_padding\":\"default\",\"panel_style\":\"card-default\",\"parallax_easing\":\"1\",\"show_content\":true,\"show_hover_image\":true,\"show_hover_video\":true,\"show_image\":true,\"show_link\":true,\"show_meta\":true,\"show_title\":true,\"show_video\":true,\"title_align\":\"top\",\"title_element\":\"h3\",\"title_grid_breakpoint\":\"m\",\"title_grid_width\":\"1-2\",\"title_hover_style\":\"reset\",\"title_style\":\"h5\"},\"children\":[{\"type\":\"grid_item\",\"source\":{\"query\":{\"name\":\"posts.customPosts\",\"arguments\":{\"terms\":[19],\"offset\":0,\"order\":\"title\",\"order_direction\":\"ASC\",\"limit\":100}},\"props\":{\"title\":{\"filters\":{\"search\":\"\"},\"name\":\"title\"},\"image\":{\"filters\":{\"search\":\"\"},\"name\":\"featuredImage.url\"},\"image_alt\":{\"filters\":{\"search\":\"\"},\"name\":\"featuredImage.alt\"},\"content\":{\"filters\":{\"search\":\"\"},\"name\":\"content\"},\"tags\":{\"filters\":{\"search\":\"\"},\"name\":\"categoryString\"}}}}],\"name\":\"Mitglieder\"}]}]}]}],\"version\":\"4.5.5\"} --><\/p>\n","protected":false},"excerpt":{"rendered":"<p>Protection respiratoire ou sanatorium ? Protection respiratoire L&rsquo;air c&rsquo;est la vie Mais il faut toutefois faire attention \u00e0 ce que l&rsquo;air que l&rsquo;on respire soit le plus propre possible et ne contienne aucune substance dangereuse. Pour savoir si vous avez besoin de protection respiratoire l\u00e9g\u00e8re ou lourde, parlez-en \u00e0 nos sp\u00e9cialistes afin de ne pas [&hellip;]<\/p>\n","protected":false},"author":1,"featured_media":0,"parent":4987,"menu_order":5,"comment_status":"closed","ping_status":"closed","template":"","meta":{"footnotes":""},"class_list":["post-5133","page","type-page","status-publish","hentry"],"_links":{"self":[{"href":"https:\/\/www.swiss-safety.ch\/fr\/wp-json\/wp\/v2\/pages\/5133","targetHints":{"allow":["GET"]}}],"collection":[{"href":"https:\/\/www.swiss-safety.ch\/fr\/wp-json\/wp\/v2\/pages"}],"about":[{"href":"https:\/\/www.swiss-safety.ch\/fr\/wp-json\/wp\/v2\/types\/page"}],"author":[{"embeddable":true,"href":"https:\/\/www.swiss-safety.ch\/fr\/wp-json\/wp\/v2\/users\/1"}],"replies":[{"embeddable":true,"href":"https:\/\/www.swiss-safety.ch\/fr\/wp-json\/wp\/v2\/comments?post=5133"}],"version-history":[{"count":7,"href":"https:\/\/www.swiss-safety.ch\/fr\/wp-json\/wp\/v2\/pages\/5133\/revisions"}],"predecessor-version":[{"id":5195,"href":"https:\/\/www.swiss-safety.ch\/fr\/wp-json\/wp\/v2\/pages\/5133\/revisions\/5195"}],"up":[{"embeddable":true,"href":"https:\/\/www.swiss-safety.ch\/fr\/wp-json\/wp\/v2\/pages\/4987"}],"wp:attachment":[{"href":"https:\/\/www.swiss-safety.ch\/fr\/wp-json\/wp\/v2\/media?parent=5133"}],"curies":[{"name":"wp","href":"https:\/\/api.w.org\/{rel}","templated":true}]}}