{"id":4987,"date":"2020-07-09T10:31:47","date_gmt":"2020-07-09T10:31:47","guid":{"rendered":"https:\/\/www.swiss-safety.ch\/produkte\/"},"modified":"2025-02-20T14:52:32","modified_gmt":"2025-02-20T13:52:32","slug":"produits","status":"publish","type":"page","link":"https:\/\/www.swiss-safety.ch\/fr\/produits\/","title":{"rendered":"Produits"},"content":{"rendered":"<div>\n<h1>Unsere Produkte &#8211; Ihre Sicherheit<\/h1>\n<div>\n<p>Wo sich Risiken organisatorisch und technisch nicht ausschalten lassen, muss sich der Mensch pers\u00f6nlich sch\u00fctzen.<\/p>\n<\/div>\n<\/div>\n<ul>\n<li>\n<p>        <img decoding=\"async\" src=\"\/wp-content\/uploads\/Kopfschutz-2.png\" alt=\"Kopfschutz\"><\/p>\n<h3>Protection de la t\u00eate<\/h3>\n<p><span class=\"uk-text-primary\">Casque ou traumatisme cr\u00e2nien ?<\/span><\/p>\n<div>\n<p>La t\u00eate est notre centre d&rsquo;action.<\/p>\n<\/div>\n<p><a href=\"\/produkte\/kopfschutz\/\">Details &#038; Mitglieder<\/a><\/p>\n<\/li>\n<li>\n<p>        <img decoding=\"async\" src=\"\/wp-content\/uploads\/Gehoerschutz.png\" alt=\"Geh\u00f6rschutz\"><\/p>\n<h3>Protection auditive<\/h3>\n<p><span class=\"uk-text-primary\">Protection auditive ou &#8230; VOUS POUVEZ R\u00c9P\u00c9TER ?<\/span><\/p>\n<div>\n<p>Nos oreilles ne nous servent pas seulement \u00e0 \u00e9couter, elles sont aussi l\u00e0 pour assurer notre \u00e9quilibre.\u00a0<\/p>\n<\/div>\n<p><a href=\"\/produkte\/gehoerschutz\/\">Details &#038; Mitglieder<\/a><\/p>\n<\/li>\n<li>\n<p>        <img decoding=\"async\" src=\"\/wp-content\/uploads\/Augenschutz.png\" alt=\"Augenschutz\"><\/p>\n<h3>Protection de l\u2019\u0153il et du visage<\/h3>\n<p><span class=\"uk-text-primary\">Lunettes de protection ou ophtalmologiste ?<\/span><\/p>\n<div>\n<p>Plus de 80% des perceptions ont lieu par les yeux.\u00a0<\/p>\n<\/div>\n<p><a href=\"\/produkte\/augen-und-gesichtsschutz\/\">Details &#038; Mitglieder<\/a><\/p>\n<\/li>\n<li>\n<p>        <img decoding=\"async\" src=\"\/wp-content\/uploads\/Atemschutz.png\" alt=\"Atemschutz\"><\/p>\n<h3>Protection respiratoire<\/h3>\n<p><span class=\"uk-text-primary\">Protection respiratoire ou sanatorium ?<\/span><\/p>\n<div>\n<p>L&rsquo;air c&rsquo;est la vie, mais il faut toutefois faire attention \u00e0 ce que l&rsquo;air que l&rsquo;on respire soit le plus propre possible et ne contienne aucune substance dangereuse.\u00a0<\/p>\n<\/div>\n<p><a href=\"\/produkte\/atemschutz\/\">Details &#038; Mitglieder<\/a><\/p>\n<\/li>\n<li>\n<p>        <img decoding=\"async\" src=\"\/wp-content\/uploads\/Handschutz.png\" alt=\"Handschutz\"><\/p>\n<h3>Protection des mains et de la peau<\/h3>\n<p><span class=\"uk-text-primary\">Gants de protection ou chirurgie de la main ?<\/span><\/p>\n<div>\n<p>Les outils que nous utilisons le plus sont nos mains.<\/p>\n<\/div>\n<p><a href=\"\/produkte\/hand-und-hautschutz\/\">Details &#038; Mitglieder<\/a><\/p>\n<\/li>\n<li>\n<p>        <img decoding=\"async\" src=\"\/wp-content\/uploads\/Fusschutz.png\" alt=\"Fussschutz\"><\/p>\n<h3>Protection du pied<\/h3>\n<p><span class=\"uk-text-primary\">Protection du pied ou b\u00e9quilles ?<\/span><\/p>\n<div>\n<p>Notre pied nous soutient lorsque nous marchons et veille \u00e0 un maintien correct du corps.\u00a0<\/p>\n<\/div>\n<p><a href=\"\/produkte\/fussschutz\/\">Details &#038; Mitglieder<\/a><\/p>\n<\/li>\n<li>\n<p>        <img decoding=\"async\" src=\"\/wp-content\/uploads\/Fallschutz.png\" alt=\"Fallschutz\"><\/p>\n<h3>Protection antichute<\/h3>\n<p><span class=\"uk-text-primary\">Protection antichute ou chaise roulante ?<\/span><\/p>\n<div>\n<p>Les dangers lors de chute concernent en g\u00e9n\u00e9ral de nombreuses parties du corps et les cons\u00e9quences sont souvent graves.\u00a0<\/p>\n<\/div>\n<p><a href=\"\/produkte\/fallschutz\/\">Details &#038; Mitglieder<\/a><\/p>\n<\/li>\n<li>\n<p>        <img decoding=\"async\" src=\"\/wp-content\/uploads\/Schutzbekleidung.png\" alt=\"Schutzbekleidung\"><\/p>\n<h3>V\u00eatements de protection<\/h3>\n<p><span class=\"uk-text-primary\">V\u00eatements de protection ou service d&rsquo;urgence ?<\/span><\/p>\n<div>\n<p>Les v\u00eatements ne sont pas uniquement l\u00e0 pour nous couvrir, ils nous prot\u00e8gent aussi de divers risques encourus au quotidien.\u00a0<\/p>\n<\/div>\n<p><a href=\"\/produkte\/schutzbekleidung\/\">Details &#038; Mitglieder<\/a><\/p>\n<\/li>\n<\/ul>\n<div>\n<h3>Werden auch Sie Mitglied<\/h3>\n<div>\n<p>Profitieren Sie von unserem Netzwerk<\/p>\n<\/div>\n<p><a href=\"\/index.php?page_id=26#mitglied-werden\">Mitglied werden<\/a><\/p>\n<\/div>\n<p><!--more--><br \/>\n<!-- {\"name\":\"Portfolio\",\"type\":\"layout\",\"children\":[{\"name\":\"hero\",\"type\":\"section\",\"props\":{\"image\":\"wp-content\\\/uploads\\\/pexels-kaique-rocha-331990-3-scaled.jpg\",\"image_effect\":\"parallax\",\"image_parallax_bgy\":\"20,-230\",\"image_parallax_breakpoint\":\"m\",\"image_parallax_easing\":\"1\",\"image_position\":\"bottom-center\",\"image_size\":\"cover\",\"padding\":\"large\",\"style\":\"default\",\"title_breakpoint\":\"xl\",\"title_position\":\"top-left\",\"title_rotation\":\"left\",\"vertical_align\":\"\",\"width\":\"expand\"},\"children\":[{\"type\":\"row\",\"props\":{\"layout\":\"large,expand\"},\"children\":[{\"type\":\"column\",\"props\":{\"image_position\":\"center-center\",\"padding\":\"small\",\"position_sticky_breakpoint\":\"m\",\"width_medium\":\"large\"},\"children\":[{\"type\":\"panel\",\"props\":{\"content\":\"\n\n<p>Wo sich Risiken organisatorisch und technisch nicht ausschalten lassen, muss sich der Mensch pers\\u00f6nlich sch\\u00fctzen.<\\\/p>\",\"content_column_breakpoint\":\"m\",\"icon_width\":80,\"image_align\":\"top\",\"image_grid_breakpoint\":\"m\",\"image_grid_width\":\"1-2\",\"image_svg_color\":\"emphasis\",\"link_style\":\"default\",\"link_text\":\"Read more\",\"margin\":\"default\",\"meta_align\":\"below-title\",\"meta_element\":\"div\",\"meta_style\":\"text-meta\",\"panel_padding\":\"default\",\"panel_style\":\"card-secondary\",\"title\":\"Unsere Produkte - Ihre Sicherheit\",\"title_align\":\"top\",\"title_element\":\"h1\",\"title_grid_breakpoint\":\"m\",\"title_grid_width\":\"1-2\",\"title_hover_style\":\"reset\",\"title_style\":\"h2\"}}]},{\"type\":\"column\",\"props\":{\"image_position\":\"center-center\",\"position_sticky_breakpoint\":\"m\",\"width_medium\":\"expand\"}}]}]},{\"name\":\"Services\",\"type\":\"section\",\"props\":{\"animation\":\"fade\",\"animation_delay\":\"200\",\"image_position\":\"center-center\",\"padding\":\"large\",\"padding_remove_bottom\":false,\"padding_remove_top\":false,\"style\":\"default\",\"title_breakpoint\":\"xl\",\"title_position\":\"top-left\",\"title_rotation\":\"left\",\"vertical_align\":\"\",\"width\":\"expand\"},\"children\":[{\"type\":\"row\",\"children\":[{\"type\":\"column\",\"props\":{\"image_position\":\"center-center\",\"position_sticky_breakpoint\":\"m\"},\"children\":[{\"name\":\"Produkte \\\/ Mitglieder\",\"type\":\"grid\",\"props\":{\"content_align\":false,\"content_column_breakpoint\":\"m\",\"content_dropcap\":false,\"filter_align\":\"left\",\"filter_all\":true,\"filter_grid_breakpoint\":\"m\",\"filter_grid_width\":\"auto\",\"filter_position\":\"top\",\"filter_style\":\"tab\",\"grid_column_gap\":\"large\",\"grid_default\":\"1\",\"grid_medium\":\"3\",\"grid_row_gap\":\"large\",\"grid_small\":\"2\",\"icon_width\":80,\"image_align\":\"top\",\"image_grid_breakpoint\":\"l\",\"image_grid_width\":\"auto\",\"image_height\":\"180\",\"image_link\":true,\"image_svg_color\":\"emphasis\",\"image_svg_inline\":true,\"image_vertical_align\":false,\"item_animation\":true,\"lightbox_bg_close\":true,\"link_margin\":\"small\",\"link_style\":\"default\",\"link_text\":\"Details & Mitglieder\",\"margin\":\"xlarge\",\"meta_align\":\"below-title\",\"meta_element\":\"div\",\"meta_margin\":\"small\",\"meta_style\":\"\",\"panel_link\":false,\"parallax_easing\":\"1\",\"show_content\":true,\"show_hover_image\":true,\"show_hover_video\":true,\"show_image\":true,\"show_link\":true,\"show_meta\":true,\"show_title\":true,\"show_video\":true,\"text_align\":\"center\",\"text_align_breakpoint\":\"m\",\"text_align_fallback\":\"center\",\"title_align\":\"top\",\"title_element\":\"h3\",\"title_grid_breakpoint\":\"m\",\"title_grid_width\":\"1-2\",\"title_hover_style\":\"reset\",\"title_link\":true,\"title_style\":\"h5\"},\"children\":[{\"type\":\"grid_item\",\"props\":{\"content\":\"\n\n<p>La t\\u00eate est notre centre d'action.<\\\/p>\",\"image\":\"wp-content\\\/uploads\\\/Kopfschutz-2.png\",\"image_alt\":\"Kopfschutz\",\"link\":\"produkte\\\/kopfschutz\\\/\",\"meta\":\"<span class=\\\"uk-text-primary\\\">Casque ou traumatisme cr\\u00e2nien ?<\\\/span>\",\"title\":\"Protection de la t\\u00eate\"}},{\"type\":\"grid_item\",\"props\":{\"content\":\"\n\n<p>Nos oreilles ne nous servent pas seulement \\u00e0 \\u00e9couter, elles sont aussi l\\u00e0 pour assurer notre \\u00e9quilibre.\\u00a0<\\\/p>\",\"image\":\"wp-content\\\/uploads\\\/Gehoerschutz.png\",\"image_alt\":\"Geh\\u00f6rschutz\",\"link\":\"produkte\\\/gehoerschutz\\\/\",\"meta\":\"<span class=\\\"uk-text-primary\\\">Protection auditive ou ... VOUS POUVEZ R\\u00c9P\\u00c9TER ?<\\\/span>\",\"title\":\"Protection auditive\"}},{\"type\":\"grid_item\",\"props\":{\"content\":\"\n\n<p>Plus de 80% des perceptions ont lieu par les yeux.\\u00a0<\\\/p>\",\"image\":\"wp-content\\\/uploads\\\/Augenschutz.png\",\"image_alt\":\"Augenschutz\",\"link\":\"produkte\\\/augen-und-gesichtsschutz\\\/\",\"meta\":\"<span class=\\\"uk-text-primary\\\">Lunettes de protection ou ophtalmologiste ?<\\\/span>\",\"title\":\"Protection de l\\u2019\\u0153il et du visage\"}},{\"type\":\"grid_item\",\"props\":{\"content\":\"\n\n<p>L'air c'est la vie, mais il faut toutefois faire attention \\u00e0 ce que l'air que l'on respire soit le plus propre possible et ne contienne aucune substance dangereuse.\\u00a0<\\\/p>\",\"image\":\"wp-content\\\/uploads\\\/Atemschutz.png\",\"image_alt\":\"Atemschutz\",\"link\":\"produkte\\\/atemschutz\\\/\",\"meta\":\"<span class=\\\"uk-text-primary\\\">Protection respiratoire ou sanatorium ?<\\\/span>\",\"title\":\"Protection respiratoire\"}},{\"type\":\"grid_item\",\"props\":{\"content\":\"\n\n<p>Les outils que nous utilisons le plus sont nos mains.<\\\/p>\",\"image\":\"wp-content\\\/uploads\\\/Handschutz.png\",\"image_alt\":\"Handschutz\",\"link\":\"produkte\\\/hand-und-hautschutz\\\/\",\"meta\":\"<span class=\\\"uk-text-primary\\\">Gants de protection ou chirurgie de la main ?<\\\/span>\",\"title\":\"Protection des mains et de la peau\"}},{\"type\":\"grid_item\",\"props\":{\"content\":\"\n\n<p>Notre pied nous soutient lorsque nous marchons et veille \\u00e0 un maintien correct du corps.\\u00a0<\\\/p>\",\"image\":\"wp-content\\\/uploads\\\/Fusschutz.png\",\"image_alt\":\"Fussschutz\",\"link\":\"produkte\\\/fussschutz\\\/\",\"meta\":\"<span class=\\\"uk-text-primary\\\">Protection du pied ou b\\u00e9quilles ?<\\\/span>\",\"title\":\"Protection du pied\"}},{\"type\":\"grid_item\",\"props\":{\"content\":\"\n\n<p>Les dangers lors de chute concernent en g\\u00e9n\\u00e9ral de nombreuses parties du corps et les cons\\u00e9quences sont souvent graves.\\u00a0<\\\/p>\",\"image\":\"wp-content\\\/uploads\\\/Fallschutz.png\",\"image_alt\":\"Fallschutz\",\"link\":\"produkte\\\/fallschutz\\\/\",\"meta\":\"<span class=\\\"uk-text-primary\\\">Protection antichute ou chaise roulante ?<\\\/span>\",\"title\":\"Protection antichute\"}},{\"type\":\"grid_item\",\"props\":{\"content\":\"\n\n<p>Les v\\u00eatements ne sont pas uniquement l\\u00e0 pour nous couvrir, ils nous prot\\u00e8gent aussi de divers risques encourus au quotidien.\\u00a0<\\\/p>\",\"image\":\"wp-content\\\/uploads\\\/Schutzbekleidung.png\",\"image_alt\":\"Schutzbekleidung\",\"link\":\"produkte\\\/schutzbekleidung\\\/\",\"meta\":\"<span class=\\\"uk-text-primary\\\">V\\u00eatements de protection ou service d'urgence ?<\\\/span>\",\"title\":\"V\\u00eatements de protection\"}}]}]}]}]},{\"name\":\"Balken - blau\",\"type\":\"section\",\"props\":{\"image\":\"wp-content\\\/uploads\\\/company-cta-bg.jpg\",\"image_position\":\"center-center\",\"image_width\":\"1560\",\"media_background\":\"rgba(71, 106, 191, 0.9)\",\"media_blend_mode\":\"multiply\",\"media_overlay\":\"rgba(71, 106, 191, 0.89)\",\"padding\":\"large\",\"style\":\"default\",\"text_color\":\"light\",\"title_breakpoint\":\"xl\",\"title_position\":\"top-left\",\"title_rotation\":\"left\",\"vertical_align\":\"\",\"width\":\"default\"},\"children\":[{\"type\":\"row\",\"props\":{\"column_gap\":\"small\",\"margin\":\"large\",\"row_gap\":\"small\"},\"children\":[{\"type\":\"column\",\"props\":{\"image_position\":\"center-center\",\"position_sticky_breakpoint\":\"m\",\"width_medium\":\"1-1\"},\"children\":[{\"type\":\"panel\",\"props\":{\"block_align\":\"center\",\"content\":\"\n\n<p>Profitieren Sie von unserem Netzwerk<\\\/p>\",\"content_column_breakpoint\":\"m\",\"icon_width\":80,\"image_align\":\"top\",\"image_grid_breakpoint\":\"m\",\"image_grid_width\":\"1-2\",\"image_svg_color\":\"emphasis\",\"link\":\"index.php?page_id=26#mitglied-werden\",\"link_style\":\"default\",\"link_text\":\"Mitglied werden\",\"margin\":\"xlarge\",\"margin_remove_bottom\":false,\"maxwidth\":\"large\",\"meta_align\":\"below-title\",\"meta_element\":\"div\",\"meta_style\":\"text-meta\",\"text_align\":\"center\",\"title\":\"Werden auch Sie Mitglied\",\"title_align\":\"top\",\"title_element\":\"h3\",\"title_grid_breakpoint\":\"m\",\"title_grid_width\":\"1-2\",\"title_hover_style\":\"reset\"}}]}]}]}],\"version\":\"4.5.5\"} --><\/p>\n","protected":false},"excerpt":{"rendered":"<p>Unsere Produkte &#8211; Ihre Sicherheit Wo sich Risiken organisatorisch und technisch nicht ausschalten lassen, muss sich der Mensch pers\u00f6nlich sch\u00fctzen. Protection de la t\u00eate Casque ou traumatisme cr\u00e2nien ? La t\u00eate est notre centre d&rsquo;action. Details &#038; Mitglieder Protection auditive Protection auditive ou &#8230; VOUS POUVEZ R\u00c9P\u00c9TER ? Nos oreilles ne nous servent pas seulement [&hellip;]<\/p>\n","protected":false},"author":1,"featured_media":0,"parent":0,"menu_order":2,"comment_status":"closed","ping_status":"closed","template":"","meta":{"footnotes":""},"class_list":["post-4987","page","type-page","status-publish","hentry"],"_links":{"self":[{"href":"https:\/\/www.swiss-safety.ch\/fr\/wp-json\/wp\/v2\/pages\/4987","targetHints":{"allow":["GET"]}}],"collection":[{"href":"https:\/\/www.swiss-safety.ch\/fr\/wp-json\/wp\/v2\/pages"}],"about":[{"href":"https:\/\/www.swiss-safety.ch\/fr\/wp-json\/wp\/v2\/types\/page"}],"author":[{"embeddable":true,"href":"https:\/\/www.swiss-safety.ch\/fr\/wp-json\/wp\/v2\/users\/1"}],"replies":[{"embeddable":true,"href":"https:\/\/www.swiss-safety.ch\/fr\/wp-json\/wp\/v2\/comments?post=4987"}],"version-history":[{"count":27,"href":"https:\/\/www.swiss-safety.ch\/fr\/wp-json\/wp\/v2\/pages\/4987\/revisions"}],"predecessor-version":[{"id":5116,"href":"https:\/\/www.swiss-safety.ch\/fr\/wp-json\/wp\/v2\/pages\/4987\/revisions\/5116"}],"wp:attachment":[{"href":"https:\/\/www.swiss-safety.ch\/fr\/wp-json\/wp\/v2\/media?parent=4987"}],"curies":[{"name":"wp","href":"https:\/\/api.w.org\/{rel}","templated":true}]}}