{"id":3419,"date":"2021-09-06T13:32:51","date_gmt":"2021-09-06T11:32:51","guid":{"rendered":"https:\/\/www.swiss-safety.ch\/e-toolbox\/psa-regeln\/"},"modified":"2021-10-07T08:57:47","modified_gmt":"2021-10-07T06:57:47","slug":"regles-epi","status":"publish","type":"page","link":"https:\/\/www.swiss-safety.ch\/fr\/e-toolbox\/regles-epi\/","title":{"rendered":"R\u00e8gles EPI"},"content":{"rendered":"<div>\n<p>        <img decoding=\"async\" src=\"\/wp-content\/uploads\/psa-regeln-titel.jpg\" alt=\"\"><\/p>\n<h2>Des r\u00e8gles vitales en termes de s\u00e9curit\u00e9 au travail<\/h2>\n<\/div>\n<ul>\n<li>\n<p>        <img decoding=\"async\" src=\"\/wp-content\/uploads\/psa-regeln-1.jpg\" alt=\"\"><\/p>\n<h3>1<sup>\u00e8re<\/sup> r\u00e8gle<\/h3>\n<div>\n<p><strong>Port coh\u00e9rent<\/strong> de l\u2019EPI et application de la <strong>r\u00e8gle du stop<\/strong> en cas de danger<\/p>\n<\/div>\n<\/li>\n<li>\n<p>        <img decoding=\"async\" src=\"\/wp-content\/uploads\/psa-regeln-2.jpg\" alt=\"\"><\/p>\n<h3>2<sup>\u00e8me<\/sup> r\u00e8gle<\/h3>\n<div>\n<p><strong>Implication des collaborateurs<\/strong> lors de l&rsquo;\u00e9laboration des directives internes sur les EPI en accord avec les risques et les t\u00e2ches<\/p>\n<\/div>\n<\/li>\n<li>\n<p>        <img decoding=\"async\" src=\"\/wp-content\/uploads\/psa-regeln-3.jpg\" alt=\"\"><\/p>\n<h3>3<sup>\u00e8me<\/sup> r\u00e8gle<\/h3>\n<div>\n<p><strong>Recueil r\u00e9gulier des retours<\/strong> sur l\u2019acceptation du port, le fonctionnement, la s\u00e9curit\u00e9, le confort et le design<\/p>\n<\/div>\n<\/li>\n<li>\n<p>        <img decoding=\"async\" src=\"\/wp-content\/uploads\/psa-regeln-4.jpg\" alt=\"\"><\/p>\n<h3>4<sup>\u00e8me<\/sup> r\u00e8gle<\/h3>\n<div>\n<p>Veille \u00e0 la bonne coordination des diff\u00e9rents EPI (consignes d\u2019utilisation) et <strong>sensibilisation<\/strong> aux risques r\u00e9siduels<\/p>\n<\/div>\n<\/li>\n<li>\n<p>        <img decoding=\"async\" src=\"\/wp-content\/uploads\/psa-regeln-5-fr.png\" alt=\"\"><\/p>\n<h3>5<sup>\u00e8me<\/sup> r\u00e8gle<\/h3>\n<div>\n<p>Prise en compte de la <strong>dur\u00e9e de vie<\/strong> des EPI<\/p>\n<\/div>\n<\/li>\n<li>\n<p>        <img decoding=\"async\" src=\"\/wp-content\/uploads\/psa-regeln-6-fr.png\" alt=\"\"><\/p>\n<h3>6<sup>\u00e8me<\/sup> r\u00e8gle<\/h3>\n<div>\n<p>Approvisionnement dans une logique de <strong>rentabilit\u00e9<\/strong> durable<\/p>\n<\/div>\n<\/li>\n<li>\n<p>        <img decoding=\"async\" src=\"\/wp-content\/uploads\/psa-regeln-7.jpg\" alt=\"\"><\/p>\n<h3>7<sup>\u00e8me<\/sup> r\u00e8gle<\/h3>\n<div>\n<p>EPI conformes uniquement <strong>(normes EN)<\/strong><\/p>\n<\/div>\n<\/li>\n<li>\n<p>        <img decoding=\"async\" src=\"\/wp-content\/uploads\/psa-regeln-8.jpg\" alt=\"\"><\/p>\n<h3>8<sup>\u00e8me<\/sup> r\u00e8gle<\/h3>\n<div>\n<p>Utilisation d\u2019<strong>EPI adapt\u00e9s au cas par cas<\/strong> et (exclusivement) attribu\u00e9s personnellement<\/p>\n<\/div>\n<\/li>\n<li>\n<p>        <img decoding=\"async\" src=\"\/wp-content\/uploads\/psa-regeln-9.jpg\" alt=\"\"><\/p>\n<h3>9<sup>\u00e8me<\/sup> r\u00e8gle<\/h3>\n<div>\n<p><strong>Instructions sp\u00e9cialis\u00e9es<\/strong> et r\u00e9p\u00e9t\u00e9es sur l\u2019utilisation correcte de l\u2019EPI, y compris une sensibilisation aux risques et aux sanctions<\/p>\n<\/div>\n<\/li>\n<li>\n<p>        <img decoding=\"async\" src=\"\/wp-content\/uploads\/psa-regeln-10.jpg\" alt=\"\"><\/p>\n<h3>10<sup>\u00e8me<\/sup> r\u00e8gle<\/h3>\n<div>\n<p><b>Entretien et contr\u00f4le r\u00e9gulier des EPI <\/b>et contr\u00f4le quotidien de l\u2019utilisation<\/p>\n<p>Economies et s\u00e9curit\u00e9 chaque jour au travail<\/p>\n<\/div>\n<\/li>\n<\/ul>\n<div>\n<div>\n<p>Chaque branche se distingue quant \u00e0 l\u2019importance des r\u00e8gles. Il existe donc des documentations sp\u00e9cifiques sur les r\u00e8gles qui sont disponibles en ligne.<\/p>\n<p><a href=\"http:\/\/www.suva.ch\">www.suva.ch<\/a><\/p>\n<\/div>\n<\/div>\n<p><!--more--><br \/>\n<!-- {\"type\":\"layout\",\"children\":[{\"type\":\"section\",\"props\":{\"style\":\"default\",\"width\":\"expand\",\"vertical_align\":\"middle\",\"title_position\":\"top-left\",\"title_rotation\":\"left\",\"title_breakpoint\":\"xl\",\"image_position\":\"center-center\",\"padding_remove_top\":true,\"padding_remove_bottom\":true,\"padding\":\"small\"},\"children\":[{\"type\":\"row\",\"children\":[{\"type\":\"column\",\"props\":{\"image_position\":\"center-center\",\"media_overlay_gradient\":\"\"},\"children\":[]}]},{\"type\":\"row\",\"props\":{\"margin_remove_top\":false,\"margin_remove_bottom\":true,\"margin\":\"small\"},\"children\":[{\"type\":\"column\",\"props\":{\"image_position\":\"center-center\",\"media_overlay_gradient\":\"\"},\"children\":[]}]}],\"name\":\"E-Toolbox - Titel oben\"},{\"type\":\"section\",\"props\":{\"style\":\"primary\",\"width\":\"expand\",\"vertical_align\":\"middle\",\"title_position\":\"top-left\",\"title_rotation\":\"left\",\"title_breakpoint\":\"xl\",\"image_position\":\"center-center\"},\"children\":[{\"type\":\"row\",\"children\":[{\"type\":\"column\",\"props\":{\"image_position\":\"center-center\",\"media_overlay_gradient\":\"\"},\"children\":[{\"type\":\"panel\",\"props\":{\"link_text\":\"Bezugsadressen\",\"title_hover_style\":\"reset\",\"title_element\":\"h2\",\"title_align\":\"top\",\"title_grid_width\":\"1-2\",\"title_grid_breakpoint\":\"m\",\"meta_style\":\"meta\",\"meta_align\":\"below-title\",\"meta_element\":\"div\",\"content_column_breakpoint\":\"m\",\"icon_width\":80,\"image_align\":\"right\",\"image_grid_width\":\"1-4\",\"image_grid_breakpoint\":\"m\",\"image_svg_color\":\"emphasis\",\"link_style\":\"default\",\"margin\":\"default\",\"link\":\"\",\"title\":\"Des r\\u00e8gles vitales en termes de s\\u00e9curit\\u00e9 au travail\",\"content\":\"\",\"image\":\"wp-content\\\/uploads\\\/psa-regeln-titel.jpg\",\"image_vertical_align\":false,\"content_style\":\"lead\",\"image_height\":\"300\"}}]}]}],\"name\":\"\"},{\"type\":\"section\",\"props\":{\"style\":\"default\",\"width\":\"default\",\"vertical_align\":\"middle\",\"title_position\":\"top-left\",\"title_rotation\":\"left\",\"title_breakpoint\":\"xl\",\"image_position\":\"center-center\"},\"children\":[{\"type\":\"row\",\"children\":[{\"type\":\"column\",\"props\":{\"image_position\":\"center-center\",\"media_overlay_gradient\":\"\"},\"children\":[{\"type\":\"grid\",\"props\":{\"show_title\":true,\"show_meta\":true,\"show_content\":true,\"show_image\":true,\"show_link\":true,\"grid_default\":\"1\",\"grid_medium\":\"2\",\"filter_style\":\"tab\",\"filter_all\":true,\"filter_position\":\"top\",\"filter_align\":\"left\",\"filter_grid_width\":\"auto\",\"filter_grid_breakpoint\":\"m\",\"title_hover_style\":\"reset\",\"title_element\":\"h3\",\"title_align\":\"top\",\"title_grid_width\":\"1-2\",\"title_grid_breakpoint\":\"m\",\"meta_style\":\"meta\",\"meta_align\":\"below-title\",\"meta_element\":\"div\",\"content_column_breakpoint\":\"m\",\"icon_width\":80,\"image_align\":\"bottom\",\"image_grid_width\":\"1-2\",\"image_grid_breakpoint\":\"m\",\"image_svg_color\":\"emphasis\",\"link_text\":\"Read more\",\"link_style\":\"default\",\"margin\":\"default\",\"item_animation\":true,\"panel_style\":\"card-default\",\"content_align\":false},\"children\":[{\"type\":\"grid_item\",\"props\":{\"title\":\"1<sup>\\u00e8re<\\\/sup> r\\u00e8gle\",\"content\":\"\n\n<p><strong>Port coh\\u00e9rent<\\\/strong> de l\\u2019EPI et application de la <strong>r\\u00e8gle du stop<\\\/strong> en cas de danger<\\\/p>\",\"image\":\"wp-content\\\/uploads\\\/psa-regeln-1.jpg\"}},{\"type\":\"grid_item\",\"props\":{\"title\":\"2<sup>\\u00e8me<\\\/sup> r\\u00e8gle\",\"content\":\"\n\n<p><strong>Implication des collaborateurs<\\\/strong> lors de l'\\u00e9laboration des directives internes sur les EPI en accord avec les risques et les t\\u00e2ches<\\\/p>\",\"image\":\"wp-content\\\/uploads\\\/psa-regeln-2.jpg\"}},{\"type\":\"grid_item\",\"props\":{\"title\":\"3<sup>\\u00e8me<\\\/sup> r\\u00e8gle\",\"content\":\"\n\n<p><strong>Recueil r\\u00e9gulier des retours<\\\/strong> sur l\\u2019acceptation du port, le fonctionnement, la s\\u00e9curit\\u00e9, le confort et le design<\\\/p>\",\"image\":\"wp-content\\\/uploads\\\/psa-regeln-3.jpg\"}},{\"type\":\"grid_item\",\"props\":{\"title\":\"4<sup>\\u00e8me<\\\/sup> r\\u00e8gle\",\"content\":\"\n\n<p>Veille \\u00e0 la bonne coordination des diff\\u00e9rents EPI (consignes d\\u2019utilisation) et <strong>sensibilisation<\\\/strong> aux risques r\\u00e9siduels<\\\/p>\",\"image\":\"wp-content\\\/uploads\\\/psa-regeln-4.jpg\"}},{\"type\":\"grid_item\",\"props\":{\"title\":\"5<sup>\\u00e8me<\\\/sup> r\\u00e8gle\",\"content\":\"\n\n<p>Prise en compte de la <strong>dur\\u00e9e de vie<\\\/strong> des EPI<\\\/p>\",\"image\":\"wp-content\\\/uploads\\\/psa-regeln-5-fr.png\"}},{\"type\":\"grid_item\",\"props\":{\"title\":\"6<sup>\\u00e8me<\\\/sup> r\\u00e8gle\",\"content\":\"\n\n<p>Approvisionnement dans une logique de <strong>rentabilit\\u00e9<\\\/strong> durable<\\\/p>\",\"image\":\"wp-content\\\/uploads\\\/psa-regeln-6-fr.png\"}},{\"type\":\"grid_item\",\"props\":{\"title\":\"7<sup>\\u00e8me<\\\/sup> r\\u00e8gle\",\"content\":\"\n\n<p>EPI conformes uniquement <strong>(normes EN)<\\\/strong><\\\/p>\",\"image\":\"wp-content\\\/uploads\\\/psa-regeln-7.jpg\"}},{\"type\":\"grid_item\",\"props\":{\"title\":\"8<sup>\\u00e8me<\\\/sup> r\\u00e8gle\",\"content\":\"\n\n<p>Utilisation d\\u2019<strong>EPI adapt\\u00e9s au cas par cas<\\\/strong> et (exclusivement) attribu\\u00e9s personnellement<\\\/p>\",\"image\":\"wp-content\\\/uploads\\\/psa-regeln-8.jpg\"}},{\"type\":\"grid_item\",\"props\":{\"title\":\"9<sup>\\u00e8me<\\\/sup> r\\u00e8gle\",\"content\":\"\n\n<p><strong>Instructions sp\\u00e9cialis\\u00e9es<\\\/strong> et r\\u00e9p\\u00e9t\\u00e9es sur l\\u2019utilisation correcte de l\\u2019EPI, y compris une sensibilisation aux risques et aux sanctions<\\\/p>\",\"image\":\"wp-content\\\/uploads\\\/psa-regeln-9.jpg\"}},{\"type\":\"grid_item\",\"props\":{\"title\":\"10<sup>\\u00e8me<\\\/sup> r\\u00e8gle\",\"content\":\"\n\n<p><b>Entretien et contr\\u00f4le r\\u00e9gulier des EPI <\\\/b>et contr\\u00f4le quotidien de l\\u2019utilisation<\\\/p>\\n\n\n<p>Economies et s\\u00e9curit\\u00e9 chaque jour au travail<\\\/p>\",\"image\":\"wp-content\\\/uploads\\\/psa-regeln-10.jpg\"}}]},{\"type\":\"panel\",\"props\":{\"link_text\":\"Read more\",\"title_hover_style\":\"reset\",\"title_element\":\"h3\",\"title_align\":\"top\",\"title_grid_width\":\"1-2\",\"title_grid_breakpoint\":\"m\",\"meta_style\":\"meta\",\"meta_align\":\"below-title\",\"meta_element\":\"div\",\"content_column_breakpoint\":\"m\",\"icon_width\":80,\"image_align\":\"top\",\"image_grid_width\":\"1-2\",\"image_grid_breakpoint\":\"m\",\"image_svg_color\":\"emphasis\",\"link_style\":\"default\",\"margin\":\"default\",\"content\":\"\n\n<p>Chaque branche se distingue quant \\u00e0 l\\u2019importance des r\\u00e8gles. Il existe donc des documentations sp\\u00e9cifiques sur les r\\u00e8gles qui sont disponibles en ligne.<\\\/p>\\n\n\n<p><a href=\\\"http:\\\/\\\/www.suva.ch\\\">www.suva.ch<\\\/a><\\\/p>\",\"panel_style\":\"card-primary\",\"content_style\":\"lead\"}}]}]}]}],\"version\":\"2.5.8\"} --><\/p>\n","protected":false},"excerpt":{"rendered":"<p>Des r\u00e8gles vitales en termes de s\u00e9curit\u00e9 au travail 1\u00e8re r\u00e8gle Port coh\u00e9rent de l\u2019EPI et application de la r\u00e8gle du stop en cas de danger 2\u00e8me r\u00e8gle Implication des collaborateurs lors de l&rsquo;\u00e9laboration des directives internes sur les EPI en accord avec les risques et les t\u00e2ches 3\u00e8me r\u00e8gle Recueil r\u00e9gulier des retours sur [&hellip;]<\/p>\n","protected":false},"author":1,"featured_media":0,"parent":2499,"menu_order":0,"comment_status":"closed","ping_status":"closed","template":"","meta":{"footnotes":""},"class_list":["post-3419","page","type-page","status-publish","hentry"],"_links":{"self":[{"href":"https:\/\/www.swiss-safety.ch\/fr\/wp-json\/wp\/v2\/pages\/3419","targetHints":{"allow":["GET"]}}],"collection":[{"href":"https:\/\/www.swiss-safety.ch\/fr\/wp-json\/wp\/v2\/pages"}],"about":[{"href":"https:\/\/www.swiss-safety.ch\/fr\/wp-json\/wp\/v2\/types\/page"}],"author":[{"embeddable":true,"href":"https:\/\/www.swiss-safety.ch\/fr\/wp-json\/wp\/v2\/users\/1"}],"replies":[{"embeddable":true,"href":"https:\/\/www.swiss-safety.ch\/fr\/wp-json\/wp\/v2\/comments?post=3419"}],"version-history":[{"count":20,"href":"https:\/\/www.swiss-safety.ch\/fr\/wp-json\/wp\/v2\/pages\/3419\/revisions"}],"predecessor-version":[{"id":3474,"href":"https:\/\/www.swiss-safety.ch\/fr\/wp-json\/wp\/v2\/pages\/3419\/revisions\/3474"}],"up":[{"embeddable":true,"href":"https:\/\/www.swiss-safety.ch\/fr\/wp-json\/wp\/v2\/pages\/2499"}],"wp:attachment":[{"href":"https:\/\/www.swiss-safety.ch\/fr\/wp-json\/wp\/v2\/media?parent=3419"}],"curies":[{"name":"wp","href":"https:\/\/api.w.org\/{rel}","templated":true}]}}