{"id":3350,"date":"2021-10-04T16:24:38","date_gmt":"2021-10-04T14:24:38","guid":{"rendered":"https:\/\/www.swiss-safety.ch\/?page_id=3350"},"modified":"2021-10-08T12:42:34","modified_gmt":"2021-10-08T10:42:34","slug":"categories-demo","status":"publish","type":"page","link":"https:\/\/www.swiss-safety.ch\/fr\/e-toolbox\/categories-demo\/","title":{"rendered":"Cat\u00e9gories &#8211; Demo"},"content":{"rendered":"<ul>\n<li>\n<p>        <img decoding=\"async\" src=\"\/wp-content\/uploads\/Atemschutz.png\" alt=\"Atemschutz\"><\/p>\n<h3>Protection respiratoire<\/h3>\n<\/li>\n<li>\n<p>        <img decoding=\"async\" src=\"\/wp-content\/uploads\/Augenschutz.png\" alt=\"Augenschutz\"><\/p>\n<h3>Protection de l\u2019\u0153il<\/h3>\n<\/li>\n<li>\n<p>        <img decoding=\"async\" src=\"\/wp-content\/uploads\/Fallschutz.png\" alt=\"Fallschutz\"><\/p>\n<h3>Protection antichute<\/h3>\n<\/li>\n<li>\n<p>        <img decoding=\"async\" src=\"\/wp-content\/uploads\/Fusschutz.png\" alt=\"Fussschutz\"><\/p>\n<h3>Protection des pieds<\/h3>\n<\/li>\n<li>\n<p>        <img decoding=\"async\" src=\"\/wp-content\/uploads\/Gehoerschutz.png\" alt=\"Geh\u00f6rschutz\"><\/p>\n<h3>Protection auditive<\/h3>\n<\/li>\n<li>\n<p>        <img decoding=\"async\" src=\"\/wp-content\/uploads\/Handschutz.png\" alt=\"Handschutz\"><\/p>\n<h3>Protection des mains<\/h3>\n<\/li>\n<li>\n<p>        <img decoding=\"async\" src=\"\/wp-content\/uploads\/Kopfschutz-2.png\" alt=\"Kopfschutz\"><\/p>\n<h3>Protection de la t\u00eate<\/h3>\n<p><a href=\"\/fr\/e-toolbox\/tete-demo\/\">informations<\/a><\/p>\n<\/li>\n<li>\n<p>        <img decoding=\"async\" src=\"\/wp-content\/uploads\/Schutzbekleidung.png\" alt=\"Schutzbekleidung\"><\/p>\n<h3>V\u00eatements de s\u00e9curit\u00e9<\/h3>\n<\/li>\n<\/ul>\n<p><!--more--><br \/>\n<!-- {\"type\":\"layout\",\"children\":[{\"type\":\"section\",\"props\":{\"style\":\"default\",\"width\":\"default\",\"vertical_align\":\"middle\",\"title_position\":\"top-left\",\"title_rotation\":\"left\",\"title_breakpoint\":\"xl\",\"image_position\":\"center-center\"},\"children\":[{\"type\":\"row\",\"children\":[{\"type\":\"column\",\"props\":{\"image_position\":\"center-center\",\"media_overlay_gradient\":\"\"},\"children\":[{\"name\":\"produkte mitglieder icons\",\"type\":\"grid\",\"props\":{\"show_title\":true,\"show_meta\":false,\"show_content\":false,\"show_image\":true,\"show_link\":true,\"grid_default\":\"2\",\"grid_medium\":\"4\",\"filter_style\":\"tab\",\"filter_all\":true,\"filter_position\":\"top\",\"filter_align\":\"left\",\"filter_grid_width\":\"auto\",\"title_element\":\"h3\",\"meta_style\":\"\",\"meta_align\":\"below-title\",\"image_align\":\"top\",\"image_grid_width\":\"auto\",\"link_text\":\"informations\",\"link_style\":\"default\",\"margin\":\"xlarge\",\"title_style\":\"h5\",\"grid_small\":\"2\",\"text_align\":\"center\",\"text_align_breakpoint\":\"m\",\"text_align_fallback\":\"center\",\"item_animation\":true,\"meta_margin\":\"small\",\"image_svg_inline\":true,\"image_svg_color\":\"emphasis\",\"title_align\":\"top\",\"title_grid_width\":\"1-2\",\"grid_column_gap\":\"large\",\"grid_row_gap\":\"large\",\"filter_grid_breakpoint\":\"m\",\"title_grid_breakpoint\":\"m\",\"image_grid_breakpoint\":\"l\",\"icon_width\":80,\"title_hover_style\":\"reset\",\"content_column_breakpoint\":\"m\",\"grid_masonry\":false,\"panel_link\":false,\"title_link\":true,\"image_link\":true,\"content_align\":false,\"content_dropcap\":false,\"image_vertical_align\":false,\"link_margin\":\"small\",\"meta_element\":\"div\",\"image_height\":\"120\"},\"children\":[{\"name\":\"\",\"type\":\"grid_item\",\"props\":{\"title\":\"Protection respiratoire\",\"meta\":\"\",\"content\":\"\",\"link\":\"\",\"image\":\"wp-content\\\/uploads\\\/Atemschutz.png\",\"image_alt\":\"Atemschutz\"}},{\"name\":\"\",\"type\":\"grid_item\",\"props\":{\"title\":\"Protection de l\\u2019\\u0153il\",\"meta\":\"\",\"content\":\"\",\"link\":\"\",\"image\":\"wp-content\\\/uploads\\\/Augenschutz.png\",\"image_alt\":\"Augenschutz\"}},{\"name\":\"\",\"type\":\"grid_item\",\"props\":{\"title\":\"Protection antichute\",\"meta\":\"\",\"content\":\"\",\"link\":\"\",\"image\":\"wp-content\\\/uploads\\\/Fallschutz.png\",\"image_alt\":\"Fallschutz\"}},{\"name\":\"\",\"type\":\"grid_item\",\"props\":{\"title\":\"Protection des pieds\",\"meta\":\"\",\"content\":\"\",\"link\":\"\",\"image\":\"wp-content\\\/uploads\\\/Fusschutz.png\",\"image_alt\":\"Fussschutz\"}},{\"name\":\"\",\"type\":\"grid_item\",\"props\":{\"title\":\"Protection auditive\",\"meta\":\"\",\"content\":\"\",\"link\":\"\",\"image\":\"wp-content\\\/uploads\\\/Gehoerschutz.png\",\"image_alt\":\"Geh\\u00f6rschutz\"}},{\"name\":\"\",\"type\":\"grid_item\",\"props\":{\"title\":\"Protection des mains\",\"meta\":\"\",\"content\":\"\",\"link\":\"\",\"image\":\"wp-content\\\/uploads\\\/Handschutz.png\",\"image_alt\":\"Handschutz\"}},{\"name\":\"\",\"type\":\"grid_item\",\"props\":{\"title\":\"Protection de la t\\u00eate\",\"meta\":\"\",\"content\":\"\",\"link\":\"fr\\\/e-toolbox\\\/tete-demo\\\/\",\"image\":\"wp-content\\\/uploads\\\/Kopfschutz-2.png\",\"image_alt\":\"Kopfschutz\"}},{\"name\":\"\",\"type\":\"grid_item\",\"props\":{\"title\":\"V\\u00eatements de s\\u00e9curit\\u00e9\",\"meta\":\"\",\"content\":\"\",\"link\":\"\",\"image\":\"wp-content\\\/uploads\\\/Schutzbekleidung.png\",\"image_alt\":\"Schutzbekleidung\"}}]}]}]}]}],\"version\":\"2.5.8\"} --><\/p>\n","protected":false},"excerpt":{"rendered":"<p>Protection respiratoire Protection de l\u2019\u0153il Protection antichute Protection des pieds Protection auditive Protection des mains Protection de la t\u00eate informations V\u00eatements de s\u00e9curit\u00e9<\/p>\n","protected":false},"author":1,"featured_media":0,"parent":2499,"menu_order":0,"comment_status":"closed","ping_status":"closed","template":"","meta":{"footnotes":""},"class_list":["post-3350","page","type-page","status-publish","hentry"],"_links":{"self":[{"href":"https:\/\/www.swiss-safety.ch\/fr\/wp-json\/wp\/v2\/pages\/3350","targetHints":{"allow":["GET"]}}],"collection":[{"href":"https:\/\/www.swiss-safety.ch\/fr\/wp-json\/wp\/v2\/pages"}],"about":[{"href":"https:\/\/www.swiss-safety.ch\/fr\/wp-json\/wp\/v2\/types\/page"}],"author":[{"embeddable":true,"href":"https:\/\/www.swiss-safety.ch\/fr\/wp-json\/wp\/v2\/users\/1"}],"replies":[{"embeddable":true,"href":"https:\/\/www.swiss-safety.ch\/fr\/wp-json\/wp\/v2\/comments?post=3350"}],"version-history":[{"count":6,"href":"https:\/\/www.swiss-safety.ch\/fr\/wp-json\/wp\/v2\/pages\/3350\/revisions"}],"predecessor-version":[{"id":3535,"href":"https:\/\/www.swiss-safety.ch\/fr\/wp-json\/wp\/v2\/pages\/3350\/revisions\/3535"}],"up":[{"embeddable":true,"href":"https:\/\/www.swiss-safety.ch\/fr\/wp-json\/wp\/v2\/pages\/2499"}],"wp:attachment":[{"href":"https:\/\/www.swiss-safety.ch\/fr\/wp-json\/wp\/v2\/media?parent=3350"}],"curies":[{"name":"wp","href":"https:\/\/api.w.org\/{rel}","templated":true}]}}