{"id":2461,"date":"2020-09-03T06:09:16","date_gmt":"2020-09-03T06:09:16","guid":{"rendered":"https:\/\/www.swiss-safety.ch\/kategorien\/"},"modified":"2025-02-20T15:30:51","modified_gmt":"2025-02-20T14:30:51","slug":"categories","status":"publish","type":"page","link":"https:\/\/www.swiss-safety.ch\/fr\/e-toolbox\/categories\/","title":{"rendered":"Cat\u00e9gories"},"content":{"rendered":"<ul>\n<li>\n<p><img decoding=\"async\" src=\"\/wp-content\/uploads\/Atemschutz.png\" alt=\"Atemschutz\"><\/p>\n<h3>Protection respiratoire<\/h3>\n<p><a href=\"\/fr\/e-toolbox\/respiratoire\/\">informations<\/a><\/p>\n<\/li>\n<li>\n<p><img decoding=\"async\" src=\"\/wp-content\/uploads\/Augenschutz.png\" alt=\"Augenschutz\"><\/p>\n<h3>Protection de l\u2019\u0153il<\/h3>\n<p><a href=\"\/fr\/e-toolbox\/augenschutz\/\">informations<\/a><\/p>\n<\/li>\n<li>\n<p><img decoding=\"async\" src=\"\/wp-content\/uploads\/Fallschutz.png\" alt=\"Fallschutz\"><\/p>\n<h3>Protection antichute<\/h3>\n<p><a href=\"\/fr\/e-toolbox\/chutes\/\">informations<\/a><\/p>\n<\/li>\n<li>\n<p><img decoding=\"async\" src=\"\/wp-content\/uploads\/Fusschutz.png\" alt=\"Fussschutz\"><\/p>\n<h3>Protection des pieds<\/h3>\n<p><a href=\"\/fr\/e-toolbox\/chaussures\/\">informations<\/a><\/p>\n<\/li>\n<li>\n<p><img decoding=\"async\" src=\"\/wp-content\/uploads\/Gehoerschutz.png\" alt=\"Geh\u00f6rschutz\"><\/p>\n<h3>Protection auditive<\/h3>\n<p><a href=\"\/fr\/e-toolbox\/auditive\/\">informations<\/a><\/p>\n<\/li>\n<li>\n<p><img decoding=\"async\" src=\"\/wp-content\/uploads\/Handschutz.png\" alt=\"Handschutz\"><\/p>\n<h3>Protection des mains<\/h3>\n<p><a href=\"\/fr\/e-toolbox\/mains\/\">informations<\/a><\/p>\n<\/li>\n<li>\n<p><img decoding=\"async\" src=\"\/wp-content\/uploads\/Bildschirmfoto-2023-12-28-um-17.24.55.png\" alt=\"Protection de la peau\"><\/p>\n<h3>Protection de la peau<\/h3>\n<p><a href=\"\/fr\/e-toolbox\/protection-de-la-peau\/\">informations<\/a><\/p>\n<\/li>\n<li>\n<p><img decoding=\"async\" src=\"\/wp-content\/uploads\/Kopfschutz-2.png\" alt=\"Kopfschutz\"><\/p>\n<h3>Protection de la t\u00eate<\/h3>\n<p><a href=\"\/fr\/e-toolbox\/tete\/\">informations<\/a><\/p>\n<\/li>\n<li>\n<p><img decoding=\"async\" src=\"\/wp-content\/uploads\/Schutzbekleidung.png\" alt=\"Schutzbekleidung\"><\/p>\n<h3>V\u00eatements de s\u00e9curit\u00e9<\/h3>\n<p><a href=\"\/fr\/e-toolbox\/vetements\/\">informations<\/a><\/p>\n<\/li>\n<\/ul>\n<div>\n<p>        <img decoding=\"async\" src=\"\/wp-content\/uploads\/toolbox-titel-fr.jpg\" alt=\"\"><\/p>\n<h2>Remarque quant \u00e0 l\u2019utilisation de la bo\u00eete \u00e0 outils<\/h2>\n<div>\n<p>Les contenus propos\u00e9s dans cette bo\u00eete \u00e0 outils servent exclusivement \u00e0 des fins<br \/>\nd&rsquo;exercice et d&rsquo;entra\u00eenement. Toute utilisation des produits montr\u00e9s ou \u00e9voqu\u00e9s dans cette bo\u00eete \u00e0 outils requiert imp\u00e9rativement la connaissance et le respect strict du mode d&#8217;emploi des produits en question.<\/p>\n<p>Le contenu de cette bo\u00eete \u00e0 outils ne remplace ni ne compl\u00e8te \u00e0 absolument aucun \u00e9gard les modes d&#8217;emploi fournis. Le fait que les collaborateurs s&rsquo;informent d&rsquo;eux-m\u00eames ne dispense pas l&#8217;employeur de proc\u00e9der aux instructions de s\u00e9curit\u00e9 obligatoires.<\/p>\n<p>Cette bo\u00eete \u00e0 outils ne dispense pas du respect des r\u00e8gles d&rsquo;utilisation et lois nationales. Cette bo\u00eete \u00e0 outils met seulement \u00e0 disposition des outils destin\u00e9s aux instructions br\u00e8ves des collaborateurs.<\/p>\n<\/div>\n<\/div>\n<p><!--more--><br \/>\n<!-- {\"type\":\"layout\",\"children\":[{\"type\":\"section\",\"props\":{\"image_position\":\"center-center\",\"style\":\"default\",\"title_breakpoint\":\"xl\",\"title_position\":\"top-left\",\"title_rotation\":\"left\",\"vertical_align\":\"\",\"width\":\"default\"},\"children\":[{\"type\":\"row\",\"children\":[{\"type\":\"column\",\"props\":{\"image_position\":\"center-center\",\"position_sticky_breakpoint\":\"m\"},\"children\":[{\"name\":\"produkte mitglieder icons\",\"type\":\"grid\",\"props\":{\"content_align\":false,\"content_column_breakpoint\":\"m\",\"content_dropcap\":false,\"filter_align\":\"left\",\"filter_all\":true,\"filter_grid_breakpoint\":\"m\",\"filter_grid_width\":\"auto\",\"filter_position\":\"top\",\"filter_style\":\"tab\",\"grid_column_gap\":\"large\",\"grid_default\":\"2\",\"grid_medium\":\"3\",\"grid_row_gap\":\"large\",\"grid_small\":\"2\",\"icon_width\":80,\"image_align\":\"top\",\"image_grid_breakpoint\":\"l\",\"image_grid_width\":\"auto\",\"image_height\":\"120\",\"image_link\":true,\"image_svg_color\":\"emphasis\",\"image_svg_inline\":true,\"image_vertical_align\":false,\"item_animation\":true,\"link_margin\":\"small\",\"link_style\":\"default\",\"link_text\":\"informations\",\"margin\":\"xlarge\",\"meta_align\":\"below-title\",\"meta_element\":\"div\",\"meta_margin\":\"small\",\"meta_style\":\"\",\"panel_link\":false,\"parallax_easing\":\"1\",\"show_content\":false,\"show_image\":true,\"show_link\":true,\"show_meta\":false,\"show_title\":true,\"text_align\":\"center\",\"text_align_breakpoint\":\"m\",\"text_align_fallback\":\"center\",\"title_align\":\"top\",\"title_element\":\"h3\",\"title_grid_breakpoint\":\"m\",\"title_grid_width\":\"1-2\",\"title_hover_style\":\"reset\",\"title_link\":true,\"title_style\":\"h5\"},\"children\":[{\"type\":\"grid_item\",\"props\":{\"content\":\"\",\"image\":\"wp-content\\\/uploads\\\/Atemschutz.png\",\"image_alt\":\"Atemschutz\",\"link\":\"fr\\\/e-toolbox\\\/respiratoire\\\/\",\"meta\":\"\",\"title\":\"Protection respiratoire\"}},{\"type\":\"grid_item\",\"props\":{\"content\":\"\",\"image\":\"wp-content\\\/uploads\\\/Augenschutz.png\",\"image_alt\":\"Augenschutz\",\"link\":\"fr\\\/e-toolbox\\\/augenschutz\\\/\",\"meta\":\"\",\"title\":\"Protection de l\\u2019\\u0153il\"}},{\"type\":\"grid_item\",\"props\":{\"content\":\"\",\"image\":\"wp-content\\\/uploads\\\/Fallschutz.png\",\"image_alt\":\"Fallschutz\",\"link\":\"fr\\\/e-toolbox\\\/chutes\\\/\",\"meta\":\"\",\"title\":\"Protection antichute\"}},{\"type\":\"grid_item\",\"props\":{\"content\":\"\",\"image\":\"wp-content\\\/uploads\\\/Fusschutz.png\",\"image_alt\":\"Fussschutz\",\"link\":\"fr\\\/e-toolbox\\\/chaussures\\\/\",\"meta\":\"\",\"title\":\"Protection des pieds\"}},{\"type\":\"grid_item\",\"props\":{\"content\":\"\",\"image\":\"wp-content\\\/uploads\\\/Gehoerschutz.png\",\"image_alt\":\"Geh\\u00f6rschutz\",\"link\":\"fr\\\/e-toolbox\\\/auditive\\\/\",\"meta\":\"\",\"title\":\"Protection auditive\"}},{\"type\":\"grid_item\",\"props\":{\"content\":\"\",\"image\":\"wp-content\\\/uploads\\\/Handschutz.png\",\"image_alt\":\"Handschutz\",\"link\":\"fr\\\/e-toolbox\\\/mains\\\/\",\"meta\":\"\",\"title\":\"Protection des mains\"}},{\"type\":\"grid_item\",\"props\":{\"content\":\"\",\"image\":\"wp-content\\\/uploads\\\/Bildschirmfoto-2023-12-28-um-17.24.55.png\",\"image_alt\":\"Protection de la peau\",\"link\":\"fr\\\/e-toolbox\\\/protection-de-la-peau\\\/\",\"meta\":\"\",\"title\":\"Protection de la peau\"}},{\"type\":\"grid_item\",\"props\":{\"content\":\"\",\"image\":\"wp-content\\\/uploads\\\/Kopfschutz-2.png\",\"image_alt\":\"Kopfschutz\",\"link\":\"fr\\\/e-toolbox\\\/tete\\\/\",\"meta\":\"\",\"title\":\"Protection de la t\\u00eate\"}},{\"type\":\"grid_item\",\"props\":{\"content\":\"\",\"image\":\"wp-content\\\/uploads\\\/Schutzbekleidung.png\",\"image_alt\":\"Schutzbekleidung\",\"link\":\"fr\\\/e-toolbox\\\/vetements\\\/\",\"meta\":\"\",\"title\":\"V\\u00eatements de s\\u00e9curit\\u00e9\"}}]}]}]}]},{\"type\":\"section\",\"props\":{\"image_position\":\"center-center\",\"style\":\"primary\",\"title_breakpoint\":\"xl\",\"title_position\":\"top-left\",\"title_rotation\":\"left\",\"vertical_align\":\"\",\"width\":\"expand\"},\"children\":[{\"type\":\"row\",\"children\":[{\"type\":\"column\",\"props\":{\"image_position\":\"center-center\",\"position_sticky_breakpoint\":\"m\"},\"children\":[{\"type\":\"panel\",\"props\":{\"content\":\"\n\n<p>Les contenus propos\\u00e9s dans cette bo\\u00eete \\u00e0 outils servent exclusivement \\u00e0 des fins\\nd'exercice et d'entra\\u00eenement. Toute utilisation des produits montr\\u00e9s ou \\u00e9voqu\\u00e9s dans cette bo\\u00eete \\u00e0 outils requiert imp\\u00e9rativement la connaissance et le respect strict du mode d'emploi des produits en question.<\\\/p>\\n\n\n<p>Le contenu de cette bo\\u00eete \\u00e0 outils ne remplace ni ne compl\\u00e8te \\u00e0 absolument aucun \\u00e9gard les modes d'emploi fournis. Le fait que les collaborateurs s'informent d'eux-m\\u00eames ne dispense pas l'employeur de proc\\u00e9der aux instructions de s\\u00e9curit\\u00e9 obligatoires.<\\\/p>\\n\n\n<p>Cette bo\\u00eete \\u00e0 outils ne dispense pas du respect des r\\u00e8gles d'utilisation et lois nationales. Cette bo\\u00eete \\u00e0 outils met seulement \\u00e0 disposition des outils destin\\u00e9s aux instructions br\\u00e8ves des collaborateurs.<\\\/p>\",\"content_column_breakpoint\":\"m\",\"content_style\":\"text-lead\",\"icon_width\":80,\"image\":\"wp-content\\\/uploads\\\/toolbox-titel-fr.jpg\",\"image_align\":\"right\",\"image_grid_breakpoint\":\"m\",\"image_grid_width\":\"1-2\",\"image_svg_color\":\"emphasis\",\"image_vertical_align\":false,\"link_style\":\"default\",\"link_text\":\"Cat\\u00e9gories\",\"margin\":\"default\",\"meta_align\":\"below-title\",\"meta_element\":\"div\",\"meta_style\":\"text-meta\",\"title\":\"Remarque quant \\u00e0 l\\u2019utilisation de la bo\\u00eete \\u00e0 outils\",\"title_align\":\"top\",\"title_element\":\"h2\",\"title_grid_breakpoint\":\"m\",\"title_grid_width\":\"1-2\",\"title_hover_style\":\"reset\"}}]}]}],\"name\":\"remarques\"}],\"version\":\"4.4.12\"} --><\/p>\n","protected":false},"excerpt":{"rendered":"<p>Protection respiratoire informations Protection de l\u2019\u0153il informations Protection antichute informations Protection des pieds informations Protection auditive informations Protection des mains informations Protection de la peau informations Protection de la t\u00eate informations V\u00eatements de s\u00e9curit\u00e9 informations Remarque quant \u00e0 l\u2019utilisation de la bo\u00eete \u00e0 outils Les contenus propos\u00e9s dans cette bo\u00eete \u00e0 outils servent exclusivement \u00e0 [&hellip;]<\/p>\n","protected":false},"author":2,"featured_media":0,"parent":2499,"menu_order":0,"comment_status":"closed","ping_status":"closed","template":"","meta":{"footnotes":""},"class_list":["post-2461","page","type-page","status-publish","hentry"],"_links":{"self":[{"href":"https:\/\/www.swiss-safety.ch\/fr\/wp-json\/wp\/v2\/pages\/2461","targetHints":{"allow":["GET"]}}],"collection":[{"href":"https:\/\/www.swiss-safety.ch\/fr\/wp-json\/wp\/v2\/pages"}],"about":[{"href":"https:\/\/www.swiss-safety.ch\/fr\/wp-json\/wp\/v2\/types\/page"}],"author":[{"embeddable":true,"href":"https:\/\/www.swiss-safety.ch\/fr\/wp-json\/wp\/v2\/users\/2"}],"replies":[{"embeddable":true,"href":"https:\/\/www.swiss-safety.ch\/fr\/wp-json\/wp\/v2\/comments?post=2461"}],"version-history":[{"count":14,"href":"https:\/\/www.swiss-safety.ch\/fr\/wp-json\/wp\/v2\/pages\/2461\/revisions"}],"predecessor-version":[{"id":4678,"href":"https:\/\/www.swiss-safety.ch\/fr\/wp-json\/wp\/v2\/pages\/2461\/revisions\/4678"}],"up":[{"embeddable":true,"href":"https:\/\/www.swiss-safety.ch\/fr\/wp-json\/wp\/v2\/pages\/2499"}],"wp:attachment":[{"href":"https:\/\/www.swiss-safety.ch\/fr\/wp-json\/wp\/v2\/media?parent=2461"}],"curies":[{"name":"wp","href":"https:\/\/api.w.org\/{rel}","templated":true}]}}