{"id":2459,"date":"2020-08-17T12:13:47","date_gmt":"2020-08-17T12:13:47","guid":{"rendered":"https:\/\/www.swiss-safety.ch\/hinweise\/"},"modified":"2024-11-15T15:54:48","modified_gmt":"2024-11-15T14:54:48","slug":"remarques","status":"publish","type":"page","link":"https:\/\/www.swiss-safety.ch\/fr\/e-toolbox\/remarques\/","title":{"rendered":"Remarques"},"content":{"rendered":"<div>\n<p>        <img decoding=\"async\" src=\"\/wp-content\/uploads\/toolbox-titel-fr.jpg\" alt=\"\"><\/p>\n<h2>Remarque quant \u00e0 l\u2019utilisation de la bo\u00eete \u00e0 outils<\/h2>\n<div>\n<p>Les contenus propos\u00e9s dans cette bo\u00eete \u00e0 outils servent exclusivement \u00e0 des fins<br \/>\nd&rsquo;exercice et d&rsquo;entra\u00eenement. Toute utilisation des produits montr\u00e9s ou \u00e9voqu\u00e9s dans cette bo\u00eete \u00e0 outils requiert imp\u00e9rativement la connaissance et le respect strict du mode d&#8217;emploi des produits en question.<\/p>\n<p>Le contenu de cette bo\u00eete \u00e0 outils ne remplace ni ne compl\u00e8te \u00e0 absolument aucun \u00e9gard les modes d&#8217;emploi fournis. Le fait que les collaborateurs s&rsquo;informent d&rsquo;eux-m\u00eames ne dispense pas l&#8217;employeur de proc\u00e9der aux instructions de s\u00e9curit\u00e9 obligatoires.<\/p>\n<p>Cette bo\u00eete \u00e0 outils ne dispense pas du respect des r\u00e8gles d&rsquo;utilisation et lois nationales. Cette bo\u00eete \u00e0 outils met seulement \u00e0 disposition des outils destin\u00e9s aux instructions br\u00e8ves des collaborateurs.<\/p>\n<\/div>\n<p><a href=\"\/fr\/e-toolbox\/kategorien\/\">Cat\u00e9gories<\/a><\/p>\n<\/div>\n<p><!--more--><br \/>\n<!-- {\"type\":\"layout\",\"children\":[{\"type\":\"section\",\"props\":{\"image_position\":\"center-center\",\"padding\":\"small\",\"padding_remove_bottom\":true,\"padding_remove_top\":true,\"style\":\"default\",\"title_breakpoint\":\"xl\",\"title_position\":\"top-left\",\"title_rotation\":\"left\",\"vertical_align\":\"\",\"width\":\"expand\"},\"children\":[{\"type\":\"row\",\"children\":[{\"type\":\"column\",\"props\":{\"image_position\":\"center-center\",\"position_sticky_breakpoint\":\"m\"}}]}],\"name\":\"E-Toolbox - Titel oben\"},{\"type\":\"section\",\"props\":{\"image_position\":\"center-center\",\"style\":\"primary\",\"title_breakpoint\":\"xl\",\"title_position\":\"top-left\",\"title_rotation\":\"left\",\"vertical_align\":\"\",\"width\":\"expand\"},\"children\":[{\"type\":\"row\",\"children\":[{\"type\":\"column\",\"props\":{\"image_position\":\"center-center\",\"position_sticky_breakpoint\":\"m\"},\"children\":[{\"type\":\"panel\",\"props\":{\"content\":\"\n\n<p>Les contenus propos\\u00e9s dans cette bo\\u00eete \\u00e0 outils servent exclusivement \\u00e0 des fins\\nd'exercice et d'entra\\u00eenement. Toute utilisation des produits montr\\u00e9s ou \\u00e9voqu\\u00e9s dans cette bo\\u00eete \\u00e0 outils requiert imp\\u00e9rativement la connaissance et le respect strict du mode d'emploi des produits en question.<\\\/p>\\n\n\n<p>Le contenu de cette bo\\u00eete \\u00e0 outils ne remplace ni ne compl\\u00e8te \\u00e0 absolument aucun \\u00e9gard les modes d'emploi fournis. Le fait que les collaborateurs s'informent d'eux-m\\u00eames ne dispense pas l'employeur de proc\\u00e9der aux instructions de s\\u00e9curit\\u00e9 obligatoires.<\\\/p>\\n\n\n<p>Cette bo\\u00eete \\u00e0 outils ne dispense pas du respect des r\\u00e8gles d'utilisation et lois nationales. Cette bo\\u00eete \\u00e0 outils met seulement \\u00e0 disposition des outils destin\\u00e9s aux instructions br\\u00e8ves des collaborateurs.<\\\/p>\",\"content_column_breakpoint\":\"m\",\"content_style\":\"text-lead\",\"icon_width\":80,\"image\":\"wp-content\\\/uploads\\\/toolbox-titel-fr.jpg\",\"image_align\":\"right\",\"image_grid_breakpoint\":\"m\",\"image_grid_width\":\"1-2\",\"image_svg_color\":\"emphasis\",\"image_vertical_align\":false,\"link\":\"fr\\\/e-toolbox\\\/kategorien\\\/\",\"link_style\":\"default\",\"link_text\":\"Cat\\u00e9gories\",\"margin\":\"default\",\"meta_align\":\"below-title\",\"meta_element\":\"div\",\"meta_style\":\"text-meta\",\"title\":\"Remarque quant \\u00e0 l\\u2019utilisation de la bo\\u00eete \\u00e0 outils\",\"title_align\":\"top\",\"title_element\":\"h2\",\"title_grid_breakpoint\":\"m\",\"title_grid_width\":\"1-2\",\"title_hover_style\":\"reset\"}}]}]},{\"type\":\"row\",\"props\":{\"layout\":\"1-3,1-3,1-3\"},\"children\":[{\"type\":\"column\",\"props\":{\"image_position\":\"center-center\",\"position_sticky_breakpoint\":\"m\",\"width_medium\":\"1-3\"},\"children\":[{\"type\":\"module\",\"props\":{\"menu_image_align\":\"center\",\"menu_image_margin\":true,\"menu_style\":\"default\",\"menu_type\":\"nav\",\"type\":\"mo_oauth_widget\",\"widget\":\"mo_oauth_widget-6\"}}]},{\"type\":\"column\",\"props\":{\"image_position\":\"center-center\",\"position_sticky_breakpoint\":\"m\",\"width_medium\":\"1-3\"}},{\"type\":\"column\",\"props\":{\"image_position\":\"center-center\",\"position_sticky_breakpoint\":\"m\",\"width_medium\":\"1-3\"}}]}]}],\"version\":\"4.4.12\"} --><\/p>\n","protected":false},"excerpt":{"rendered":"<p>Remarque quant \u00e0 l\u2019utilisation de la bo\u00eete \u00e0 outils Les contenus propos\u00e9s dans cette bo\u00eete \u00e0 outils servent exclusivement \u00e0 des fins d&rsquo;exercice et d&rsquo;entra\u00eenement. Toute utilisation des produits montr\u00e9s ou \u00e9voqu\u00e9s dans cette bo\u00eete \u00e0 outils requiert imp\u00e9rativement la connaissance et le respect strict du mode d&#8217;emploi des produits en question. Le contenu de [&hellip;]<\/p>\n","protected":false},"author":1,"featured_media":0,"parent":2499,"menu_order":0,"comment_status":"closed","ping_status":"closed","template":"","meta":{"footnotes":""},"class_list":["post-2459","page","type-page","status-publish","hentry"],"_links":{"self":[{"href":"https:\/\/www.swiss-safety.ch\/fr\/wp-json\/wp\/v2\/pages\/2459","targetHints":{"allow":["GET"]}}],"collection":[{"href":"https:\/\/www.swiss-safety.ch\/fr\/wp-json\/wp\/v2\/pages"}],"about":[{"href":"https:\/\/www.swiss-safety.ch\/fr\/wp-json\/wp\/v2\/types\/page"}],"author":[{"embeddable":true,"href":"https:\/\/www.swiss-safety.ch\/fr\/wp-json\/wp\/v2\/users\/1"}],"replies":[{"embeddable":true,"href":"https:\/\/www.swiss-safety.ch\/fr\/wp-json\/wp\/v2\/comments?post=2459"}],"version-history":[{"count":9,"href":"https:\/\/www.swiss-safety.ch\/fr\/wp-json\/wp\/v2\/pages\/2459\/revisions"}],"predecessor-version":[{"id":4677,"href":"https:\/\/www.swiss-safety.ch\/fr\/wp-json\/wp\/v2\/pages\/2459\/revisions\/4677"}],"up":[{"embeddable":true,"href":"https:\/\/www.swiss-safety.ch\/fr\/wp-json\/wp\/v2\/pages\/2499"}],"wp:attachment":[{"href":"https:\/\/www.swiss-safety.ch\/fr\/wp-json\/wp\/v2\/media?parent=2459"}],"curies":[{"name":"wp","href":"https:\/\/api.w.org\/{rel}","templated":true}]}}